{"id":3779,"date":"2017-10-30T11:16:39","date_gmt":"2017-10-30T10:16:39","guid":{"rendered":"https:\/\/www.essbilbao.org\/?page_id=3779"},"modified":"2025-09-22T15:19:48","modified_gmt":"2025-09-22T13:19:48","slug":"sobre-nosotros","status":"publish","type":"page","link":"https:\/\/www.essbilbao.org\/es\/sobre-nosotros\/","title":{"rendered":"Sobre nosotros"},"content":{"rendered":"<div class=\"wpb-content-wrapper\"><p>[vc_row css=\u00bb.vc_custom_1528305744977{margin-top: 10px !important;border-top-width: 30px !important;padding-top: 20px !important;}\u00bb][vc_column]<div class=\"fancy_heading fancy_heading_line\"><div class=\"fh-top\"><\/div><h1 class=\"title \">Sobre nosotros<\/h1><\/div>\n[vc_column_text]<\/p>\n<p class=\"p1\"><span class=\"s1\">Consorcio p\u00fablico de los gobiernos central y vasco que aporta conocimiento y valor a\u00f1adido en el campo de los aceleradores de part\u00edculas y las ciencias y las tecnolog\u00edas neutr\u00f3nicas, a trav\u00e9s de su contribuci\u00f3n en especie a la Fuente Europea de Neutrones por Espalaci\u00f3n, instalaci\u00f3n cient\u00edfica que se est\u00e1 construyendo actualmente en la ciudad sueca de Lund.<\/span><\/p>\n<p>[\/vc_column_text][vc_row_inner][vc_column_inner width=\u00bb1\/2&#8243;]<div class=\"cq-ihover  cq-style-customized cq-ihover-bordernone\"  data-effect=\"effect4\" data-shape=\"circle\" data-bgcolor=\"#ffffff\" data-titlesize=\"50\" data-titlecolor=\"#494949\" data-descsize=\"30\" data-desccolor=\"#d22630\" data-iconsize=\"\" data-iconcolor=\"\" data-containerwidth=\"\" data-captionmargintop=\"\" data-videowidth=\"\" data-bgstyle=\"customized\"><div class=\"cq-ihover-container\"><div class='cq-ihover-item circle effect4 left_to_right'><a href='https:\/\/www.essbilbao.org\/wp-content\/uploads\/2018\/10\/ruletaAboutUS_ES-1.gif' class='cq-ihover-lightbox'><div class='cq-ihover-imageitem'><img src='https:\/\/www.essbilbao.org\/wp-content\/uploads\/2018\/10\/ruletaAboutUS_ES-1.gif' alt='' class='cq-ihover-image' \/><\/div><div class='cq-ihover-info'><div class='cq-ihover-text'><h3><span class='cq-ihover-title cq-title-solid'>NUESTRO EQUIPO<\/span><\/h3><p class='cq-ihover-desc'>IN NUMBERS.<\/p><p class=\"cq-ihover-icontext\"><i class=\"cq-ihover-icon vc-material vc-material-people_outline\"><\/i><\/p><\/div><\/div><\/a><\/div><\/div><\/div>[\/vc_column_inner][vc_column_inner width=\u00bb1\/6&#8243; css=\u00bb.vc_custom_1528390995388{padding-top: 70px !important;padding-bottom: 30px !important;}\u00bb]<div class=\"counter counter_vertical animate-math\"><div class=\"icon_wrapper\"><img loading=\"lazy\" decoding=\"async\" class=\"scale-with-grid\" src=\"https:\/\/www.essbilbao.org\/wp-content\/uploads\/2018\/06\/vacancy.png\" alt=\"vacancy\" width=\"72\" height=\"72\"\/><\/div><div class=\"desc_wrapper\"><div class=\"number-wrapper\"><span class=\"number\" data-to=\"54\"  >54<\/span><\/div><p class=\"title \">EMPLEADOS<\/p><\/div><\/div>\n<div class=\"counter counter_vertical animate-math\"><div class=\"icon_wrapper\"><img loading=\"lazy\" decoding=\"async\" class=\"scale-with-grid\" src=\"https:\/\/www.essbilbao.org\/wp-content\/uploads\/2018\/06\/people.png\" alt=\"people\" width=\"72\" height=\"72\"\/><\/div><div class=\"desc_wrapper\"><div class=\"number-wrapper\"><span class=\"number\" data-to=\"44\"  >44<\/span><\/div><p class=\"title \">MEDIA DE EDAD<\/p><\/div><\/div>\n[\/vc_column_inner][vc_column_inner width=\u00bb1\/6&#8243; css=\u00bb.vc_custom_1528391002010{padding-top: 70px !important;}\u00bb]<div class=\"counter counter_vertical animate-math\"><div class=\"icon_wrapper\"><img loading=\"lazy\" decoding=\"async\" class=\"scale-with-grid\" src=\"https:\/\/www.essbilbao.org\/wp-content\/uploads\/2018\/06\/woman.png\" alt=\"woman\" width=\"72\" height=\"72\"\/><\/div><div class=\"desc_wrapper\"><div class=\"number-wrapper\"><span class=\"number\" data-to=\"15\"  >15<\/span><\/div><p class=\"title \">Mujeres<\/p><\/div><\/div>\n<div class=\"counter counter_vertical animate-math\"><div class=\"icon_wrapper\"><img loading=\"lazy\" decoding=\"async\" class=\"scale-with-grid\" src=\"https:\/\/www.essbilbao.org\/wp-content\/uploads\/2018\/06\/man.png\" alt=\"man\" width=\"72\" height=\"72\"\/><\/div><div class=\"desc_wrapper\"><div class=\"number-wrapper\"><span class=\"number\" data-to=\"39\"  >39<\/span><\/div><p class=\"title \">Hombres<\/p><\/div><\/div>\n[\/vc_column_inner][vc_column_inner width=\u00bb1\/6&#8243; css=\u00bb.vc_custom_1528391049770{padding-top: 70px !important;}\u00bb][vc_column_text]<\/p>\n<h5>CUALIFICACI\u00d3N<\/h5>\n<p>[\/vc_column_text][vc_progress_bar values=\u00bb%5B%7B%22label%22%3A%22PhD%20Doctores%20%22%2C%22value%22%3A%2227%22%7D%2C%7B%22label%22%3A%22Postgrado%22%2C%22value%22%3A%2214%22%7D%2C%7B%22label%22%3A%22Master%22%2C%22value%22%3A%2244%22%7D%2C%7B%22label%22%3A%22Bachellor%22%2C%22value%22%3A%228%22%7D%2C%7B%22label%22%3A%22T%C3%A9cnico%22%2C%22value%22%3A%228%22%7D%5D\u00bb bgcolor=\u00bbcustom\u00bb options=\u00bbstriped,animated\u00bb custombgcolor=\u00bb#d22630&#8243; customtxtcolor=\u00bb#4c4c4c\u00bb units=\u00bb%\u00bb][\/vc_column_inner][\/vc_row_inner][\/vc_column][\/vc_row][vc_row full_width=\u00bbstretch_row\u00bb content_placement=\u00bbmiddle\u00bb css_animation=\u00bbfadeIn\u00bb][vc_column css=\u00bb.vc_custom_1528360799865{padding-top: 60px !important;}\u00bb]<div class=\"fancy_heading fancy_heading_line\"><div class=\"fh-top\"><\/div><h1 class=\"title \">ESS Bilbao en cifras<\/h1><\/div>\n[\/vc_column][\/vc_row][vc_row][vc_column width=\u00bb1\/4&#8243;]<div class=\"counter counter_vertical animate-math\"><div class=\"icon_wrapper\"><img loading=\"lazy\" decoding=\"async\" class=\"scale-with-grid\" src=\"https:\/\/www.essbilbao.org\/wp-content\/uploads\/2018\/06\/projects.png\" alt=\"projects\" width=\"72\" height=\"72\"\/><\/div><div class=\"desc_wrapper\"><div class=\"number-wrapper\"><span class=\"number\" data-to=\"13\"  >13<\/span><\/div><p class=\"title \">Proyectos cient\u00edficos<\/p><\/div><\/div>\n[\/vc_column][vc_column width=\u00bb1\/4&#8243;]<div class=\"counter counter_vertical animate-math\"><div class=\"icon_wrapper\"><img loading=\"lazy\" decoding=\"async\" class=\"scale-with-grid\" src=\"https:\/\/www.essbilbao.org\/wp-content\/uploads\/2018\/06\/publicaciones.png\" alt=\"publicaciones\" width=\"72\" height=\"72\"\/><\/div><div class=\"desc_wrapper\"><div class=\"number-wrapper\"><span class=\"number\" data-to=\"205\"  >205<\/span><\/div><p class=\"title \">Publicaciones<\/p><\/div><\/div>\n[\/vc_column][vc_column width=\u00bb1\/4&#8243;]<div class=\"counter counter_vertical animate-math\"><div class=\"icon_wrapper\"><img loading=\"lazy\" decoding=\"async\" class=\"scale-with-grid\" src=\"https:\/\/www.essbilbao.org\/wp-content\/uploads\/2018\/06\/people.png\" alt=\"people\" width=\"72\" height=\"72\"\/><\/div><div class=\"desc_wrapper\"><div class=\"number-wrapper\"><span class=\"number\" data-to=\"44\"  >44<\/span><\/div><p class=\"title \">Expertos altamente cualificados<\/p><\/div><\/div>\n[\/vc_column][vc_column width=\u00bb1\/4&#8243;]<div class=\"counter counter_vertical animate-math\"><div class=\"icon_wrapper\"><img loading=\"lazy\" decoding=\"async\" class=\"scale-with-grid\" src=\"https:\/\/www.essbilbao.org\/wp-content\/uploads\/2018\/06\/euro.png\" alt=\"euro\" width=\"72\" height=\"72\"\/><\/div><div class=\"desc_wrapper\"><div class=\"number-wrapper\"><span class=\"number\" data-to=\"65\"  >65<\/span><\/div><p class=\"title \">M\u20ac en inversi\u00f3n<\/p><\/div><\/div>\n[\/vc_column][\/vc_row]<\/p>\n<\/div>","protected":false},"excerpt":{"rendered":"<p>[vc_row css=\u00bb.vc_custom_1528305744977{margin-top: 10px !important;border-top-width: 30px !important;padding-top: 20px !important;}\u00bb][vc_column][vc_column_text] Consorcio p\u00fablico de los gobiernos central y vasco que aporta conocimiento y valor a\u00f1adido en el campo de<span class=\"excerpt-hellip\"> [\u2026]<\/span><\/p>\n","protected":false},"author":2,"featured_media":-1,"parent":0,"menu_order":0,"comment_status":"closed","ping_status":"closed","template":"","meta":{"footnotes":""},"class_list":["post-3779","page","type-page","status-publish","has-post-thumbnail","hentry"],"_links":{"self":[{"href":"https:\/\/www.essbilbao.org\/es\/wp-json\/wp\/v2\/pages\/3779","targetHints":{"allow":["GET"]}}],"collection":[{"href":"https:\/\/www.essbilbao.org\/es\/wp-json\/wp\/v2\/pages"}],"about":[{"href":"https:\/\/www.essbilbao.org\/es\/wp-json\/wp\/v2\/types\/page"}],"author":[{"embeddable":true,"href":"https:\/\/www.essbilbao.org\/es\/wp-json\/wp\/v2\/users\/2"}],"replies":[{"embeddable":true,"href":"https:\/\/www.essbilbao.org\/es\/wp-json\/wp\/v2\/comments?post=3779"}],"version-history":[{"count":10,"href":"https:\/\/www.essbilbao.org\/es\/wp-json\/wp\/v2\/pages\/3779\/revisions"}],"predecessor-version":[{"id":17431,"href":"https:\/\/www.essbilbao.org\/es\/wp-json\/wp\/v2\/pages\/3779\/revisions\/17431"}],"wp:featuredmedia":[{"embeddable":true,"href":"https:\/\/www.essbilbao.org\/es\/wp-json\/"}],"wp:attachment":[{"href":"https:\/\/www.essbilbao.org\/es\/wp-json\/wp\/v2\/media?parent=3779"}],"curies":[{"name":"wp","href":"https:\/\/api.w.org\/{rel}","templated":true}]}}