{"id":3806,"date":"2018-06-06T07:56:16","date_gmt":"2018-06-06T05:56:16","guid":{"rendered":"https:\/\/www.essbilbao.org\/?page_id=3806"},"modified":"2023-09-04T11:16:39","modified_gmt":"2023-09-04T09:16:39","slug":"infraestructuras","status":"publish","type":"page","link":"https:\/\/www.essbilbao.org\/es\/sobre-nosotros\/infraestructuras\/","title":{"rendered":"Infraestructuras"},"content":{"rendered":"<div class=\"wpb-content-wrapper\"><p>[vc_row full_width=\u00bbstretch_row\u00bb content_placement=\u00bbmiddle\u00bb parallax=\u00bbcontent-moving\u00bb css_animation=\u00bbfadeIn\u00bb css=\u00bb.vc_custom_1528279765751{background-color: rgba(255,255,255,0.21) !important;*background-color: rgb(255,255,255) !important;}\u00bb][vc_column]<div class=\"fancy_heading fancy_heading_line\"><div class=\"fh-top\"><\/div><h1 class=\"title \">Infraestructuras<\/h1><div class=\"inside\">Centro estrat\u00e9gico de aceleraci\u00f3n de part\u00edculas y ciencias y tecnolog\u00edas neutr\u00f3nicas<\/div><\/div>\n[vc_row_inner][vc_column_inner width=\u00bb1\/4&#8243; css=\u00bb.vc_custom_1528277729541{margin-bottom: 10px !important;border-top-width: 30px !important;border-bottom-width: 10px !important;padding-top: 50px !important;padding-right: 20px !important;padding-bottom: 10px !important;padding-left: 20px !important;background-color: #ffffff !important;}\u00bb]<div class=\"cq-ihover  cq-style-darkgray cq-ihover-bordernone\"  data-effect=\"effect8\" data-shape=\"circle\" data-bgcolor=\"\" data-titlesize=\"25\" data-titlecolor=\"\" data-descsize=\"\" data-desccolor=\"\" data-iconsize=\"\" data-iconcolor=\"\" data-containerwidth=\"\" data-captionmargintop=\"20\" data-videowidth=\"\" data-bgstyle=\"darkgray\"><div class=\"cq-ihover-container\"><div class='cq-ihover-item circle effect8 left_to_right scale_up'><a href='https:\/\/www.essbilbao.org\/index.php\/en\/contact' title='' target='_blank' rel=''><div class='cq-ihover-imagecontainer'><div class='cq-ihover-imageitem'><img src='https:\/\/www.essbilbao.org\/wp-content\/uploads\/2018\/12\/laida_bidea.jpg' alt='' class='cq-ihover-image' \/><\/div><\/div><div class='info-container'><div class='cq-ihover-info'><div class='cq-ihover-text'><h3><span class='cq-ihover-title cq-title-solid'>OFICINA CENTRAL<\/span><\/h3><p class='cq-ihover-desc'>Laida Bidea, Edificio 207-B, 48160 Derio, Bizkaia<\/p><p class=\"cq-ihover-icontext\"><i class=\"cq-ihover-icon vc-material vc-material-home\"><\/i><\/p><\/div><\/div><\/div><\/a><\/div><\/div><\/div>[vc_column_text css=\u00bb.vc_custom_1539016710304{padding-top: 0px !important;}\u00bb]<\/p>\n<h5 style=\"text-align: center;\"><a href=\"https:\/\/www.essbilbao.org\/index.php\/es\/\" target=\"_blank\" rel=\"noopener\"><span style=\"color: #d22630;\">OFICINA CENTRAL<\/span><\/a><\/h5>\n<p>[\/vc_column_text][vc_gmaps link=\u00bb#E-8_JTNDaWZyYW1lJTIwc3JjJTNEJTIyaHR0cHMlM0ElMkYlMkZ3d3cuZ29vZ2xlLmNvbSUyRm1hcHMlMkZlbWJlZCUzRnBiJTNEJTIxMW0xNCUyMTFtOCUyMTFtMyUyMTFkMTE2MTcuNDU4OTA4NDA5OTM3JTIxMmQtMi44NzQ4NDAzJTIxM2Q0My4yODU2ODMxJTIxM20yJTIxMWkxMDI0JTIxMmk3NjglMjE0ZjEzLjElMjEzbTMlMjExbTIlMjExczB4MCUyNTNBMHg0NzFmMGMyZjQxZDdhZGM5JTIxMnNFU1MlMkJCaWxiYW8lMjE1ZTAlMjEzbTIlMjExc2VzJTIxMnNlcyUyMTR2MTU0NDc3MTgzNDcyMSUyMiUyMHdpZHRoJTNEJTIyNjAwJTIyJTIwaGVpZ2h0JTNEJTIyNDUwJTIyJTIwZnJhbWVib3JkZXIlM0QlMjIwJTIyJTIwc3R5bGUlM0QlMjJib3JkZXIlM0EwJTIyJTIwYWxsb3dmdWxsc2NyZWVuJTNFJTNDJTJGaWZyYW1lJTNFJTBBJTBBJTBB\u00bb][\/vc_column_inner][vc_column_inner width=\u00bb1\/4&#8243; css=\u00bb.vc_custom_1528277562367{border-top-width: 30px !important;padding-top: 50px !important;padding-right: 20px !important;padding-bottom: 30px !important;padding-left: 20px !important;background-color: #ffffff !important;}\u00bb]<div class=\"cq-ihover  cq-style-darkgray cq-ihover-bordernone\"  data-effect=\"effect8\" data-shape=\"circle\" data-bgcolor=\"\" data-titlesize=\"25\" data-titlecolor=\"\" data-descsize=\"\" data-desccolor=\"\" data-iconsize=\"\" data-iconcolor=\"\" data-containerwidth=\"\" data-captionmargintop=\"20\" data-videowidth=\"\" data-bgstyle=\"darkgray\"><div class=\"cq-ihover-container\"><div class='cq-ihover-item circle effect8 left_to_right scale_up'><a href='https:\/\/www.essbilbao.org\/index.php\/en\/contact' title='' target='_blank' rel=''><div class='cq-ihover-imagecontainer'><div class='cq-ihover-imageitem'><img src='https:\/\/www.essbilbao.org\/wp-content\/uploads\/2018\/07\/circulo-jundiz.jpg' alt='' class='cq-ihover-image' \/><\/div><\/div><div class='info-container'><div class='cq-ihover-info'><div class='cq-ihover-text'><h3><span class='cq-ihover-title cq-title-solid'>CENTRO R&amp;D<\/span><\/h3><p class='cq-ihover-desc'>Pol\u00edgono Parque Tecnol\u00f3gico, 201, 48170 Zamudio, Vizcaya<\/p><p class=\"cq-ihover-icontext\"><i class=\"cq-ihover-icon vc-material vc-material-home\"><\/i><\/p><\/div><\/div><\/div><\/a><\/div><\/div><\/div>[vc_column_text css=\u00bb.vc_custom_1539016750982{padding-top: 0px !important;}\u00bb]<\/p>\n<h5 style=\"text-align: center;\"><span style=\"color: #d22630;\">CENTRO\u00a0<\/span><span style=\"color: #d22630;\">R&amp;D\u00a0<\/span><\/h5>\n<p>[\/vc_column_text][vc_gmaps link=\u00bb#E-8_JTNDaWZyYW1lJTIwc3JjJTNEJTIyaHR0cHMlM0ElMkYlMkZ3d3cuZ29vZ2xlLmNvbSUyRm1hcHMlMkZlbWJlZCUzRnBiJTNEJTIxMW0xOCUyMTFtMTIlMjExbTMlMjExZDQ2NDg2LjY3Nzk4NzE0MDI1NCUyMTJkLTIuOTM0MDQ2ODA2ODk4MTM3JTIxM2Q0My4yNjM2MzExNDI1ODY0OSUyMTJtMyUyMTFmMCUyMTJmMCUyMTNmMCUyMTNtMiUyMTFpMTAyNCUyMTJpNzY4JTIxNGYxMy4xJTIxM20zJTIxMW0yJTIxMXMweGQ0ZTRmNTVkMjJiZDZkYiUyNTNBMHg0YTU5MTg1YTk5MjRlMmU4JTIxMnNDb25zb3JjaW8lMkJFU1MlMkJCaWxiYW8lMkIlMjhOYXZlJTJCZW4lMkJFZGlmLjIwMSUyOSUyMTVlMCUyMTNtMiUyMTFzZXMlMjEyc2VzJTIxNHYxNTMwNzAyNTY0MzQ1JTIyJTIwd2lkdGglM0QlMjI2MDAlMjIlMjBoZWlnaHQlM0QlMjI0NTAlMjIlMjBmcmFtZWJvcmRlciUzRCUyMjAlMjIlMjBzdHlsZSUzRCUyMmJvcmRlciUzQTAlMjIlMjBhbGxvd2Z1bGxzY3JlZW4lM0UlM0MlMkZpZnJhbWUlM0U=\u00bb][\/vc_column_inner][vc_column_inner width=\u00bb1\/4&#8243; css=\u00bb.vc_custom_1528277569636{border-top-width: 30px !important;padding-top: 50px !important;padding-right: 20px !important;padding-bottom: 30px !important;padding-left: 20px !important;background-color: #ffffff !important;}\u00bb]<div class=\"cq-ihover  cq-style-darkgray cq-ihover-bordernone\"  data-effect=\"effect8\" data-shape=\"circle\" data-bgcolor=\"\" data-titlesize=\"25\" data-titlecolor=\"\" data-descsize=\"\" data-desccolor=\"\" data-iconsize=\"\" data-iconcolor=\"\" data-containerwidth=\"\" data-captionmargintop=\"20\" data-videowidth=\"\" data-bgstyle=\"darkgray\"><div class=\"cq-ihover-container\"><div class='cq-ihover-item circle effect8 left_to_right scale_up'><a href='https:\/\/www.essbilbao.org\/index.php\/en\/contact' title='' target='_blank' rel=''><div class='cq-ihover-imagecontainer'><div class='cq-ihover-imageitem'><img src='https:\/\/www.essbilbao.org\/wp-content\/uploads\/2018\/07\/circulo-vitoria.jpg' alt='' class='cq-ihover-image' \/><\/div><\/div><div class='info-container'><div class='cq-ihover-info'><div class='cq-ihover-text'><h3><span class='cq-ihover-title cq-title-solid'>AWF<\/span><\/h3><p class='cq-ihover-desc'>Basaldea Kalea, 23C, 01015 Vitoria-Gasteiz, Araba<\/p><p class=\"cq-ihover-icontext\"><i class=\"cq-ihover-icon vc-material vc-material-home\"><\/i><\/p><\/div><\/div><\/div><\/a><\/div><\/div><\/div>[vc_column_text css=\u00bb.vc_custom_1530702710703{padding-top: 0px !important;}\u00bb]<\/p>\n<h5 style=\"text-align: center;\"><span style=\"color: #d22630;\">AWF<\/span><\/h5>\n<p>[\/vc_column_text][vc_gmaps link=\u00bb#E-8_JTNDaWZyYW1lJTIwc3JjJTNEJTIyaHR0cHMlM0ElMkYlMkZ3d3cuZ29vZ2xlLmNvbSUyRm1hcHMlMkZlbWJlZCUzRnBiJTNEJTIxMW0xOCUyMTFtMTIlMjExbTMlMjExZDI5MjUuNzA1ODI5MzgxNTk0NCUyMTJkLTIuNzMyMDAzMDQ4OTgzMTg5NyUyMTNkNDIuODM2ODI3Mzc5MDU1NSUyMTJtMyUyMTFmMCUyMTJmMCUyMTNmMCUyMTNtMiUyMTFpMTAyNCUyMTJpNzY4JTIxNGYxMy4xJTIxM20zJTIxMW0yJTIxMXMweGQ0ZmMxZDBjZjU3OTE3NSUyNTNBMHgxZTk0NTdmNGRjNDBiNGMxJTIxMnNFc3MlMkJCaWxiYW8lMkIlMjhBV0YlMjklMkJBZHZhbmNlZCUyQldlbGRpbmclMkJGYWNpbGl0eSUyMTVlMCUyMTNtMiUyMTFzZXMlMjEyc2VzJTIxNHYxNTMwNzAyNTg3Mjg0JTIyJTIwd2lkdGglM0QlMjI2MDAlMjIlMjBoZWlnaHQlM0QlMjI0NTAlMjIlMjBmcmFtZWJvcmRlciUzRCUyMjAlMjIlMjBzdHlsZSUzRCUyMmJvcmRlciUzQTAlMjIlMjBhbGxvd2Z1bGxzY3JlZW4lM0UlM0MlMkZpZnJhbWUlM0U=\u00bb][\/vc_column_inner][vc_column_inner width=\u00bb1\/4&#8243; css=\u00bb.vc_custom_1528277575421{border-top-width: 30px !important;padding-top: 50px !important;padding-right: 20px !important;padding-bottom: 30px !important;padding-left: 20px !important;background-color: #ffffff !important;}\u00bb]<div class=\"cq-ihover  cq-style-darkgray cq-ihover-bordernone\"  data-effect=\"effect8\" data-shape=\"circle\" data-bgcolor=\"\" data-titlesize=\"25\" data-titlecolor=\"\" data-descsize=\"\" data-desccolor=\"\" data-iconsize=\"\" data-iconcolor=\"\" data-containerwidth=\"\" data-captionmargintop=\"20\" data-videowidth=\"\" data-bgstyle=\"darkgray\"><div class=\"cq-ihover-container\"><div class='cq-ihover-item circle effect8 left_to_right scale_up'><a href='https:\/\/www.essbilbao.org\/index.php\/en\/contact' title='' target='_blank' rel=''><div class='cq-ihover-imagecontainer'><div class='cq-ihover-imageitem'><img src='https:\/\/www.essbilbao.org\/wp-content\/uploads\/2023\/06\/IMG_661054170-scaled-480x480.jpg' alt='' class='cq-ihover-image' \/><\/div><\/div><div class='info-container'><div class='cq-ihover-info'><div class='cq-ihover-text'><h3><span class='cq-ihover-title cq-title-solid'>MADRID SATELLITE<\/span><\/h3><p class='cq-ihover-desc'>Torre La Garena, Avenida Juan Carlos I, numero 13, planta 2, puerta B, de Alcal\u00e1 de Henares -Madrid-<\/p><p class=\"cq-ihover-icontext\"><i class=\"cq-ihover-icon vc-material vc-material-home\"><\/i><\/p><\/div><\/div><\/div><\/a><\/div><\/div><\/div>[vc_column_text css=\u00bb.vc_custom_1530702719003{padding-top: 0px !important;}\u00bb]<\/p>\n<h5 style=\"text-align: center;\"><span style=\"color: #d22630;\">MADRID SATELLITE<\/span><\/h5>\n<p>[\/vc_column_text][vc_gmaps link=\u00bb#E-8_JTNDaWZyYW1lJTIwc3JjJTNEJTIyaHR0cHMlM0ElMkYlMkZ3d3cuZ29vZ2xlLmNvbSUyRm1hcHMlMkZlbWJlZCUzRnBiJTNEJTIxMW0xOCUyMTFtMTIlMjExbTMlMjExZDMwMzQuNjk0MzAwMjgyMTA5JTIxMmQtMy4zOTgwMTEwMjM1Njk5MzQzJTIxM2Q0MC40ODIwMjc1NTE2NjE4NyUyMTJtMyUyMTFmMCUyMTJmMCUyMTNmMCUyMTNtMiUyMTFpMTAyNCUyMTJpNzY4JTIxNGYxMy4xJTIxM20zJTIxMW0yJTIxMXMweGQ0MjI4ZWU5NWU5ZGNkMyUyNTNBMHhkNmNhOGNmMGVkMGFiMWRjJTIxMnNFU1MlMjUyMEJpbGJhbyUyNTIwJTI4TWFkcmlkJTI1MjBTYXRlbGxpdGUlMjklMjE1ZTAlMjEzbTIlMjExc2VzJTIxMnNlcyUyMTR2MTY5MzgxODczMjExNSUyMTVtMiUyMTFzZXMlMjEyc2VzJTIyJTIwd2lkdGglM0QlMjI2MDAlMjIlMjBoZWlnaHQlM0QlMjI0NTAlMjIlMjBmcmFtZWJvcmRlciUzRCUyMjAlMjIlMjBzdHlsZSUzRCUyMmJvcmRlciUzQTAlMjIlMjBhbGxvd2Z1bGxzY3JlZW4lM0UlM0MlMkZpZnJhbWUlM0U=\u00bb][\/vc_column_inner][\/vc_row_inner][\/vc_column][\/vc_row]<\/p>\n<\/div>","protected":false},"excerpt":{"rendered":"<p>[vc_row full_width=\u00bbstretch_row\u00bb content_placement=\u00bbmiddle\u00bb parallax=\u00bbcontent-moving\u00bb css_animation=\u00bbfadeIn\u00bb css=\u00bb.vc_custom_1528279765751{background-color: rgba(255,255,255,0.21) !important;*background-color: rgb(255,255,255) !important;}\u00bb][vc_column][vc_row_inner][vc_column_inner width=\u00bb1\/4&#8243; css=\u00bb.vc_custom_1528277729541{margin-bottom: 10px !important;border-top-width: 30px !important;border-bottom-width: 10px !important;padding-top: 50px !important;padding-right: 20px !important;padding-bottom: 10px !important;padding-left: 20px !important;background-color:<span class=\"excerpt-hellip\"> [\u2026]<\/span><\/p>\n","protected":false},"author":2,"featured_media":0,"parent":3779,"menu_order":0,"comment_status":"closed","ping_status":"closed","template":"","meta":{"footnotes":""},"class_list":["post-3806","page","type-page","status-publish","hentry"],"_links":{"self":[{"href":"https:\/\/www.essbilbao.org\/es\/wp-json\/wp\/v2\/pages\/3806","targetHints":{"allow":["GET"]}}],"collection":[{"href":"https:\/\/www.essbilbao.org\/es\/wp-json\/wp\/v2\/pages"}],"about":[{"href":"https:\/\/www.essbilbao.org\/es\/wp-json\/wp\/v2\/types\/page"}],"author":[{"embeddable":true,"href":"https:\/\/www.essbilbao.org\/es\/wp-json\/wp\/v2\/users\/2"}],"replies":[{"embeddable":true,"href":"https:\/\/www.essbilbao.org\/es\/wp-json\/wp\/v2\/comments?post=3806"}],"version-history":[{"count":4,"href":"https:\/\/www.essbilbao.org\/es\/wp-json\/wp\/v2\/pages\/3806\/revisions"}],"predecessor-version":[{"id":14632,"href":"https:\/\/www.essbilbao.org\/es\/wp-json\/wp\/v2\/pages\/3806\/revisions\/14632"}],"up":[{"embeddable":true,"href":"https:\/\/www.essbilbao.org\/es\/wp-json\/wp\/v2\/pages\/3779"}],"wp:attachment":[{"href":"https:\/\/www.essbilbao.org\/es\/wp-json\/wp\/v2\/media?parent=3806"}],"curies":[{"name":"wp","href":"https:\/\/api.w.org\/{rel}","templated":true}]}}