{"id":3821,"date":"2018-06-06T07:55:17","date_gmt":"2018-06-06T05:55:17","guid":{"rendered":"https:\/\/www.essbilbao.org\/?page_id=3821"},"modified":"2018-11-07T11:19:21","modified_gmt":"2018-11-07T10:19:21","slug":"mision-y-vision","status":"publish","type":"page","link":"https:\/\/www.essbilbao.org\/es\/sobre-nosotros\/mision-y-vision\/","title":{"rendered":"Misi\u00f3n y visi\u00f3n"},"content":{"rendered":"<div class=\"wpb-content-wrapper\"><p>[vc_row css=\u00bb.vc_custom_1528305744977{margin-top: 10px !important;border-top-width: 30px !important;padding-top: 20px !important;}\u00bb][vc_column]<div class=\"fancy_heading fancy_heading_line\"><div class=\"fh-top\"><\/div><h1 class=\"title \">Misi\u00f3n y Visi\u00f3n<\/h1><\/div>\n[\/vc_column][\/vc_row][vc_row css=\u00bb.vc_custom_1530805401282{margin-top: 10px !important;border-top-width: 0px !important;padding-top: 0px !important;}\u00bb][vc_column width=\u00bb1\/2&#8243;]<div class=\"cq-hovercard cq-rotateY  cq-hovercard-hideall\" data-contentcolor=\"\" data-iconcolor=\"#c22630\" data-bgheight=\"240\" data-captionoffset=\"\" data-videowidth=\"640\" data-linktype=\"\" data-bgtype=\"image\" data-lightboxmargin=\"\"><img decoding=\"async\" src=\"https:\/\/www.essbilbao.org\/wp-content\/uploads\/2018\/07\/over-the-box.jpg\" class=\"cq-hovercard-background\" alt=\"\" \/><div class=\"cq-hovercard-textcontainer\"><div class=\"cq-hovercard-title\">Nuestra misi\u00f3n<\/div><i class=\"cq-hovercard-icon vc-material vc-material-blur_linear\"><\/i><\/div><\/div>[vc_custom_heading text=\u00bbMisi\u00f3n\u00bb font_container=\u00bbtag:h2|font_size:25|text_align:center|line_height:1.5&#8243; use_theme_fonts=\u00bbyes\u00bb][vc_separator style=\u00bbshadow\u00bb border_width=\u00bb2&#8243;][vc_column_text]<\/p>\n<p class=\"p1\"><span class=\"s1\">Promover la generaci\u00f3n de conocimiento en tecnolog\u00edas neutr\u00f3nicas en sentido amplio, desde el acelerador hasta el blanco y los instrumentos. <\/span><\/p>\n<p class=\"p1\"><span class=\"s1\">Conseguir excelencia en los campos de la ciencia y las tecnolog\u00edas neutr\u00f3nicas para ocupar una posici\u00f3n como centro de prestigio internacional.\u00a0<\/span><\/p>\n<p class=\"p2\"><span class=\"s2\">Contribuir al proyecto de Fuente Europea de Neutrones por Espalaci\u00f3n adem\u00e1s de conseguir una participaci\u00f3n en otros proyectos que garanticen un futuro a largo plazo, m\u00e1s all\u00e1 de 2025.<\/span><\/p>\n<p>[\/vc_column_text][\/vc_column][vc_column width=\u00bb1\/2&#8243;]<div class=\"cq-hovercard cq-rotateY  cq-hovercard-hideall\" data-contentcolor=\"\" data-iconcolor=\"#c22630\" data-bgheight=\"240\" data-captionoffset=\"\" data-videowidth=\"640\" data-linktype=\"\" data-bgtype=\"image\" data-lightboxmargin=\"\"><img decoding=\"async\" src=\"https:\/\/www.essbilbao.org\/wp-content\/uploads\/2018\/07\/vision.jpg\" class=\"cq-hovercard-background\" alt=\"\" \/><div class=\"cq-hovercard-textcontainer\"><div class=\"cq-hovercard-title\">Nuestra visi\u00f3n<\/div><i class=\"cq-hovercard-icon vc_li vc_li-eye\"><\/i><\/div><\/div>[vc_custom_heading text=\u00bbVisi\u00f3n\u00bb font_container=\u00bbtag:h2|font_size:25|text_align:center|line_height:1.5&#8243; use_theme_fonts=\u00bbyes\u00bb][vc_separator style=\u00bbshadow\u00bb border_width=\u00bb2&#8243;][vc_column_text]<\/p>\n<p class=\"p1\"><span class=\"s1\">Convertirnos en un centro de excelencia en el campo de la aceleraci\u00f3n de part\u00edculas y en el \u00e1mbito de las ciencias y tecnolog\u00edas neutr\u00f3nicas a trav\u00e9s de la contribuci\u00f3n en especie al proyecto de Fuente Europea de Neutrones por Espalaci\u00f3n.<\/span><\/p>\n<p>[\/vc_column_text][\/vc_column][\/vc_row][vc_row][vc_column][vc_custom_heading text=\u00bbHISTORIA\u00bb font_container=\u00bbtag:h2|font_size:25|text_align:center|color:%23c22630|line_height:1.5&#8243; use_theme_fonts=\u00bbyes\u00bb]<div class=\"fancy_heading fancy_heading_line\"><div class=\"fh-top\"><\/div><\/div>\n<div class=\"cq-draggable-container \" data-draggingbarbgcolor=\"rgba(0, 0, 0, 0.5)\" data-defaultbarbgcolor=\"\" data-avatarstyle=\"image\" data-activeiconcolor=\"\" data-autoplay=\"yes\" data-autoplayspeed=\"\" data-labelcolor=\"#4f4f4f\" data-dragbuttonwidth=\"\" data-contaienrwidth=\"\"><div class=\"cq-draggable-slider\"><div class=\"cq-draggable-stripe\"><div class=\"cq-draggable-handle\"><div class=\"cq-infobox gray\"><div class=\"cq-titlecontainer\"><\/div><div class=\"cq-innerbox\"><div class=\"cq-carouselcontainer\"><div class=\"cq-carouselcontent\">\n<h3><strong>2018<\/strong><\/h3>\n<p class=\"p1\"><span class=\"s1\">El Consejo de la Fuente Europea de Espalaci\u00f3n ratifica a Espa\u00f1a como miembro fundador de pleno derecho.<\/span><\/p>\n\n<\/div><div class=\"cq-carouselcontent\">\n<h3 class=\"cq-timeline-title\"><strong>2015<\/strong><\/h3>\n<p><span class=\"s1\">Se confirma a la ESS Bilbao como la organizaci\u00f3n oficial para representar a Espa\u00f1a en la Fuente Europea de Espalaci\u00f3n ERIC.<\/span><\/p>\n\n<\/div><div class=\"cq-carouselcontent\">\n<h3 class=\"cq-timeline-title\"><strong>2014<\/strong><\/h3>\n<p class=\"p1\"><span class=\"s1\">Espa\u00f1a se convirti\u00f3 en el primer pa\u00eds socio en firmar <\/span><span class=\"s2\">una carta<\/span><span class=\"s1\"> de intenci\u00f3n formal para participar en la construcci\u00f3n de la ESS.<\/span><\/p>\n\n<\/div><div class=\"cq-carouselcontent\">\n<h3 class=\"cq-timeline-title\"><strong>2010<\/strong><\/h3>\n<p class=\"p1\"><span class=\"s1\">Convenio de colaboraci\u00f3n entre las dos administraciones para la construcci\u00f3n, el equipamiento y la explotaci\u00f3n de la sede espa\u00f1ola de la Fuente Europea de Neutrones por Espalaci\u00f3n.<\/span><\/p>\n\n<\/div><div class=\"cq-carouselcontent\">\n<h3 class=\"cq-timeline-title\"><strong>2006<\/strong><\/h3>\n<p class=\"p1\"><span class=\"s1\">El ESFRI publica su hoja de ruta sobre las grandes infraestructuras de investigaci\u00f3n, incluida la <\/span><span class=\"s2\">Fuente Europea de Neutrones por Espalaci\u00f3n<\/span><span class=\"s1\"> (ESS).\u00a0<\/span><span class=\"s1\">Lanzamiento oficial de la candidatura oficial de la ESS Bilbao.<\/span><\/p>\n\n<\/div><div class=\"cq-carouselcontent\">\n<h3 class=\"cq-timeline-title\"><strong>2005<\/strong><\/h3>\n<p class=\"p1\"><span class=\"s1\">El gobierno de Espa\u00f1a y el gobierno del Pa\u00eds Vasco acuerdan presentar su adhesi\u00f3n al proyecto articulado por la ESS Bilbao.<\/span><\/p>\n\n<\/div><div class=\"cq-carouselcontent\">\n<h3 class=\"cq-timeline-title\"><strong>2004<\/strong><\/h3>\n<p class=\"p1\"><span class=\"s1\">La iniciativa ESS se consolida y empieza el per\u00edodo para recibir solicitudes para albergar la Fuente Europea de Neutrones por Espalaci\u00f3n (ESS).<\/span><\/p>\n\n<p><\/div><\/div><\/div><\/div><div class=\"cq-menu-square\">\n                            <span class=\"value\"><\/span>\n                            <span class=\"cq-menu-line\"><\/span>\n                            <span class=\"cq-menu-line\"><\/span>\n                            <span class=\"cq-menu-line\"><\/span>\n                      <\/div><\/div><\/div><div class=\"cq-barcontainer\"><div class=\"cq-highlight-container\"><div class=\"cq-highlight circle\"><img decoding=\"async\" src=\"https:\/\/www.essbilbao.org\/wp-content\/uploads\/2018\/06\/2025.png\" width=\"80\" alt=\"\" \/><\/div><span class=\"cq-highlight-label\"><\/p>\n<h6>2018<\/h6>\n<p><\/span><\/div><div class=\"cq-highlight-container\"><div class=\"cq-highlight circle\"><img decoding=\"async\" src=\"https:\/\/www.essbilbao.org\/wp-content\/uploads\/2018\/06\/2023.png\" width=\"80\" alt=\"\" \/><\/div><span class=\"cq-highlight-label\"><\/p>\n<h6>2015<\/h6>\n<p><\/span><\/div><div class=\"cq-highlight-container\"><div class=\"cq-highlight circle\"><img decoding=\"async\" src=\"https:\/\/www.essbilbao.org\/wp-content\/uploads\/2018\/06\/2019.png\" width=\"80\" alt=\"\" \/><\/div><span class=\"cq-highlight-label\"><\/p>\n<h6>2014<\/h6>\n<p><\/span><\/div><div class=\"cq-highlight-container\"><div class=\"cq-highlight circle\"><img decoding=\"async\" src=\"https:\/\/www.essbilbao.org\/wp-content\/uploads\/2018\/06\/mebt.png\" width=\"80\" alt=\"\" \/><\/div><span class=\"cq-highlight-label\"><\/p>\n<h6>2010<\/h6>\n<p><\/span><\/div><div class=\"cq-highlight-container\"><div class=\"cq-highlight circle\"><img decoding=\"async\" src=\"https:\/\/www.essbilbao.org\/wp-content\/uploads\/2018\/06\/2012.png\" width=\"80\" alt=\"\" \/><\/div><span class=\"cq-highlight-label\"><\/p>\n<h6>2006<\/h6>\n<p><\/span><\/div><div class=\"cq-highlight-container\"><div class=\"cq-highlight circle\"><img decoding=\"async\" src=\"https:\/\/www.essbilbao.org\/wp-content\/uploads\/2018\/06\/2009.png\" width=\"80\" alt=\"\" \/><\/div><span class=\"cq-highlight-label\"><\/p>\n<h6>2005<\/h6>\n<p><\/span><\/div><div class=\"cq-highlight-container\"><div class=\"cq-highlight circle\"><img decoding=\"async\" src=\"https:\/\/www.essbilbao.org\/wp-content\/uploads\/2018\/06\/2003.png\" width=\"80\" alt=\"\" \/><\/div><span class=\"cq-highlight-label\"><\/p>\n<h6>2004<\/h6>\n<p><\/span><\/div><\/div><\/div><\/div>[\/vc_column][\/vc_row]<\/p>\n<\/div>","protected":false},"excerpt":{"rendered":"<p>[vc_row css=\u00bb.vc_custom_1528305744977{margin-top: 10px !important;border-top-width: 30px !important;padding-top: 20px !important;}\u00bb][vc_column][\/vc_column][\/vc_row][vc_row css=\u00bb.vc_custom_1530805401282{margin-top: 10px !important;border-top-width: 0px !important;padding-top: 0px !important;}\u00bb][vc_column width=\u00bb1\/2&#8243;][vc_custom_heading text=\u00bbMisi\u00f3n\u00bb font_container=\u00bbtag:h2|font_size:25|text_align:center|line_height:1.5&#8243; use_theme_fonts=\u00bbyes\u00bb][vc_separator style=\u00bbshadow\u00bb border_width=\u00bb2&#8243;][vc_column_text] Promover la generaci\u00f3n de conocimiento<span class=\"excerpt-hellip\"> [\u2026]<\/span><\/p>\n","protected":false},"author":2,"featured_media":0,"parent":3779,"menu_order":0,"comment_status":"closed","ping_status":"closed","template":"","meta":{"footnotes":""},"class_list":["post-3821","page","type-page","status-publish","hentry"],"_links":{"self":[{"href":"https:\/\/www.essbilbao.org\/es\/wp-json\/wp\/v2\/pages\/3821","targetHints":{"allow":["GET"]}}],"collection":[{"href":"https:\/\/www.essbilbao.org\/es\/wp-json\/wp\/v2\/pages"}],"about":[{"href":"https:\/\/www.essbilbao.org\/es\/wp-json\/wp\/v2\/types\/page"}],"author":[{"embeddable":true,"href":"https:\/\/www.essbilbao.org\/es\/wp-json\/wp\/v2\/users\/2"}],"replies":[{"embeddable":true,"href":"https:\/\/www.essbilbao.org\/es\/wp-json\/wp\/v2\/comments?post=3821"}],"version-history":[{"count":0,"href":"https:\/\/www.essbilbao.org\/es\/wp-json\/wp\/v2\/pages\/3821\/revisions"}],"up":[{"embeddable":true,"href":"https:\/\/www.essbilbao.org\/es\/wp-json\/wp\/v2\/pages\/3779"}],"wp:attachment":[{"href":"https:\/\/www.essbilbao.org\/es\/wp-json\/wp\/v2\/media?parent=3821"}],"curies":[{"name":"wp","href":"https:\/\/api.w.org\/{rel}","templated":true}]}}