{"id":3839,"date":"2018-06-05T16:51:02","date_gmt":"2018-06-05T14:51:02","guid":{"rendered":"https:\/\/www.essbilbao.org\/?page_id=3839"},"modified":"2018-10-08T20:44:55","modified_gmt":"2018-10-08T19:44:55","slug":"capacidades","status":"publish","type":"page","link":"https:\/\/www.essbilbao.org\/es\/capacidades\/","title":{"rendered":"Capacidades"},"content":{"rendered":"<div class=\"wpb-content-wrapper\"><p>[vc_row css=\u00bb.vc_custom_1528388219210{padding-top: 30px !important;}\u00bb][vc_column]<div class=\"fancy_heading fancy_heading_line\"><div class=\"fh-top\"><\/div><h1 class=\"title \">Capacidades<\/h1><div class=\"inside\"><\/p>\n<p class=\"p1\"><span class=\"s1\">En las instalaciones de ESS Bilbao se desarrollan las capacidades cient\u00edficas y tecnol\u00f3gicas.<\/span><\/p>\n<p><\/div><\/div>\n[vc_column_text]<span class=\"s1\">Los avances cient\u00edficos y tecnol\u00f3gicos generados en los bancos de pruebas de las instalaciones de ESS Bilbao desempe\u00f1ar\u00e1n un papel clave en la industria cient\u00edfica. Los conocimientos t\u00e9cnicos obtenidos se refuerzan y mejoran para aumentar su capacidad de lograr importantes avances cient\u00edficos y tecnol\u00f3gicos.<\/span>[\/vc_column_text][\/vc_column][\/vc_row][vc_row css=\u00bb.vc_custom_1528388219210{padding-top: 30px !important;}\u00bb][vc_column][vc_row_inner css=\u00bb.vc_custom_1536748197672{margin-right: 100px !important;margin-bottom: 0px !important;margin-left: 100px !important;border-bottom-width: 0px !important;padding-top: 0px !important;padding-bottom: 0px !important;}\u00bb][vc_column_inner width=\u00bb1\/3&#8243; css=\u00bb.vc_custom_1528277729541{margin-bottom: 10px !important;border-top-width: 30px !important;border-bottom-width: 10px !important;padding-top: 50px !important;padding-right: 20px !important;padding-bottom: 10px !important;padding-left: 20px !important;background-color: #ffffff !important;}\u00bb]<div class=\"cq-ihover  cq-style-darkgray cq-ihover-bordernone\"  data-effect=\"effect8\" data-shape=\"circle\" data-bgcolor=\"\" data-titlesize=\"25\" data-titlecolor=\"#ffffff\" data-descsize=\"\" data-desccolor=\"#ffffff\" data-iconsize=\"\" data-iconcolor=\"\" data-containerwidth=\"\" data-captionmargintop=\"\" data-videowidth=\"\" data-bgstyle=\"darkgray\"><div class=\"cq-ihover-container\"><div class='cq-ihover-item circle effect8 left_to_right scale_up'><a href='http:\/\/www.essbilbao.org\/capabilities\/manufacturing-advanced-welding-facility\/' title='' target='' rel=''><div class='cq-ihover-imagecontainer'><div class='cq-ihover-imageitem'><img src='https:\/\/www.essbilbao.org\/wp-content\/uploads\/2018\/07\/circul-Assembly.jpg' alt='' class='cq-ihover-image' \/><\/div><\/div><div class='info-container'><div class='cq-ihover-info'><div class='cq-ihover-text'><h3><span class='cq-ihover-title cq-title-solid'>FABRICACI\u00d3N<\/span><\/h3><p class=\"cq-ihover-icontext\"><i class=\"cq-ihover-icon entypo-icon entypo-icon-down-open-big\"><\/i><\/p><\/div><\/div><\/div><\/a><\/div><\/div><\/div>[vc_column_text css=\u00bb.vc_custom_1539027761885{margin-top: 0px !important;border-top-width: 0px !important;padding-top: 0px !important;}\u00bb]<\/p>\n<h5 style=\"text-align: center;\"><span style=\"color: #d22630;\">FABRICACI\u00d3N<\/span><\/h5>\n<p style=\"text-align: center;\">Fabricaci\u00f3n de componentes de utilidad en f\u00edsica.<\/p>\n<p>[\/vc_column_text][vc_btn title=\u00bbFABRICACI\u00d3N\u00bb shape=\u00bbsquare\u00bb size=\u00bbsm\u00bb align=\u00bbcenter\u00bb css_animation=\u00bbfadeIn\u00bb link=\u00bburl:http%3A%2F%2Fwww.essbilbao.org%2Fcapabilities%2Fmanufacturing-advanced-welding-facility%2F|||\u00bb][\/vc_column_inner][vc_column_inner width=\u00bb1\/3&#8243; css=\u00bb.vc_custom_1528277562367{border-top-width: 30px !important;padding-top: 50px !important;padding-right: 20px !important;padding-bottom: 30px !important;padding-left: 20px !important;background-color: #ffffff !important;}\u00bb]<div class=\"cq-ihover  cq-style-darkgray cq-ihover-bordernone\"  data-effect=\"effect8\" data-shape=\"circle\" data-bgcolor=\"\" data-titlesize=\"25\" data-titlecolor=\"#ffffff\" data-descsize=\"\" data-desccolor=\"#ffffff\" data-iconsize=\"\" data-iconcolor=\"\" data-containerwidth=\"\" data-captionmargintop=\"\" data-videowidth=\"\" data-bgstyle=\"darkgray\"><div class=\"cq-ihover-container\"><div class='cq-ihover-item circle effect8 left_to_right scale_up'><a href='http:\/\/www.essbilbao.org\/capabilities\/in-house-projects\/' title='' target='' rel=''><div class='cq-ihover-imagecontainer'><div class='cq-ihover-imageitem'><img src='https:\/\/www.essbilbao.org\/wp-content\/uploads\/2018\/07\/circulo-inhouse.jpg' alt='' class='cq-ihover-image' \/><\/div><\/div><div class='info-container'><div class='cq-ihover-info'><div class='cq-ihover-text'><h3><span class='cq-ihover-title cq-title-solid'>EN PROYECTOS PROPIOS<\/span><\/h3><p class=\"cq-ihover-icontext\"><i class=\"cq-ihover-icon entypo-icon entypo-icon-down-open-big\"><\/i><\/p><\/div><\/div><\/div><\/a><\/div><\/div><\/div>[vc_column_text css=\u00bb.vc_custom_1539027835607{margin-top: 0px !important;border-top-width: 0px !important;padding-top: 0px !important;}\u00bb]<\/p>\n<h5 style=\"text-align: center;\"><span style=\"color: #d22630;\">EN PROYECTOS PROPIOS<br \/>\n<\/span><\/h5>\n<p class=\"p1\" style=\"text-align: center;\"><span class=\"s1\">Bancos de pruebas propios en nuestro centro R&amp;D.<\/span><\/p>\n<p>[\/vc_column_text][vc_btn title=\u00bbEN PROYECTOS PROPIOS\u00bb shape=\u00bbsquare\u00bb size=\u00bbsm\u00bb align=\u00bbcenter\u00bb css_animation=\u00bbfadeIn\u00bb link=\u00bburl:http%3A%2F%2Fwww.essbilbao.org%2Fcapabilities%2Fin-house-projects%2F|||\u00bb][\/vc_column_inner][vc_column_inner width=\u00bb1\/3&#8243; css=\u00bb.vc_custom_1528277569636{border-top-width: 30px !important;padding-top: 50px !important;padding-right: 20px !important;padding-bottom: 30px !important;padding-left: 20px !important;background-color: #ffffff !important;}\u00bb]<div class=\"cq-ihover  cq-style-darkgray cq-ihover-bordernone\"  data-effect=\"effect8\" data-shape=\"circle\" data-bgcolor=\"\" data-titlesize=\"25\" data-titlecolor=\"#ffffff\" data-descsize=\"\" data-desccolor=\"#ffffff\" data-iconsize=\"\" data-iconcolor=\"\" data-containerwidth=\"\" data-captionmargintop=\"\" data-videowidth=\"\" data-bgstyle=\"darkgray\"><div class=\"cq-ihover-container\"><div class='cq-ihover-item circle effect8 left_to_right scale_up'><a href='http:\/\/www.essbilbao.org\/capabilities\/laboratories\/' title='' target='' rel=''><div class='cq-ihover-imagecontainer'><div class='cq-ihover-imageitem'><img src='https:\/\/www.essbilbao.org\/wp-content\/uploads\/2018\/09\/circulo-labs.jpg' alt='' class='cq-ihover-image' \/><\/div><\/div><div class='info-container'><div class='cq-ihover-info'><div class='cq-ihover-text'><h3><span class='cq-ihover-title cq-title-solid'>LABORATORIOS<\/span><\/h3><p class=\"cq-ihover-icontext\"><i class=\"cq-ihover-icon entypo-icon entypo-icon-down-open-big\"><\/i><\/p><\/div><\/div><\/div><\/a><\/div><\/div><\/div>[vc_column_text css=\u00bb.vc_custom_1539027828901{margin-top: 0px !important;border-top-width: 0px !important;padding-top: 0px !important;}\u00bb]<\/p>\n<h5 style=\"text-align: center;\"><span style=\"color: #d22630;\">LABORATORIOS<\/span><\/h5>\n<p class=\"p1\" style=\"text-align: center;\"><span class=\"s1\">Realizaci\u00f3n de experimentos que aseguren los componentes adecuados. <\/span><\/p>\n<p>[\/vc_column_text][vc_btn title=\u00bbLABORATORIOS\u00bb shape=\u00bbsquare\u00bb size=\u00bbsm\u00bb align=\u00bbcenter\u00bb css_animation=\u00bbfadeIn\u00bb link=\u00bburl:http%3A%2F%2Fwww.essbilbao.org%2Fcapabilities%2Flaboratories%2F|||\u00bb][\/vc_column_inner][\/vc_row_inner][\/vc_column][\/vc_row]<\/p>\n<\/div>","protected":false},"excerpt":{"rendered":"<p>[vc_row css=\u00bb.vc_custom_1528388219210{padding-top: 30px !important;}\u00bb][vc_column][vc_column_text]Los avances cient\u00edficos y tecnol\u00f3gicos generados en los bancos de pruebas de las instalaciones de ESS Bilbao desempe\u00f1ar\u00e1n un papel clave en la<span class=\"excerpt-hellip\"> [\u2026]<\/span><\/p>\n","protected":false},"author":2,"featured_media":0,"parent":0,"menu_order":0,"comment_status":"closed","ping_status":"closed","template":"","meta":{"footnotes":""},"class_list":["post-3839","page","type-page","status-publish","hentry"],"_links":{"self":[{"href":"https:\/\/www.essbilbao.org\/es\/wp-json\/wp\/v2\/pages\/3839","targetHints":{"allow":["GET"]}}],"collection":[{"href":"https:\/\/www.essbilbao.org\/es\/wp-json\/wp\/v2\/pages"}],"about":[{"href":"https:\/\/www.essbilbao.org\/es\/wp-json\/wp\/v2\/types\/page"}],"author":[{"embeddable":true,"href":"https:\/\/www.essbilbao.org\/es\/wp-json\/wp\/v2\/users\/2"}],"replies":[{"embeddable":true,"href":"https:\/\/www.essbilbao.org\/es\/wp-json\/wp\/v2\/comments?post=3839"}],"version-history":[{"count":0,"href":"https:\/\/www.essbilbao.org\/es\/wp-json\/wp\/v2\/pages\/3839\/revisions"}],"wp:attachment":[{"href":"https:\/\/www.essbilbao.org\/es\/wp-json\/wp\/v2\/media?parent=3839"}],"curies":[{"name":"wp","href":"https:\/\/api.w.org\/{rel}","templated":true}]}}