{"id":3896,"date":"2018-06-15T12:55:55","date_gmt":"2018-06-15T10:55:55","guid":{"rendered":"https:\/\/www.essbilbao.org\/?page_id=3896"},"modified":"2018-10-11T10:18:28","modified_gmt":"2018-10-11T08:18:28","slug":"soldadura-avanzada","status":"publish","type":"page","link":"https:\/\/www.essbilbao.org\/es\/capacidades\/soldadura-avanzada\/","title":{"rendered":"Fabricaci\u00f3n"},"content":{"rendered":"<div class=\"wpb-content-wrapper\"><p>[vc_row css=\u00bb.vc_custom_1528305744977{margin-top: 10px !important;border-top-width: 30px !important;padding-top: 20px !important;}\u00bb][vc_column]<div class=\"fancy_heading fancy_heading_line\"><div class=\"fh-top\"><\/div><h1 class=\"title \">Fabricaci\u00f3n<\/h1><\/div>\n[vc_row_inner][vc_column_inner width=\u00bb5\/12&#8243;]<div class=\"cq-ihover  cq-style-darkgray cq-ihover-bordernone\"  data-effect=\"effect8\" data-shape=\"circle\" data-bgcolor=\"\" data-titlesize=\"\" data-titlecolor=\"#ffffff\" data-descsize=\"\" data-desccolor=\"\" data-iconsize=\"\" data-iconcolor=\"\" data-containerwidth=\"300\" data-captionmargintop=\"\" data-videowidth=\"\" data-bgstyle=\"darkgray\"><div class=\"cq-ihover-container\"><div class='cq-ihover-item circle effect8 right_to_left scale_up'><a href='#' class='ihover-nothing'><div class='cq-ihover-imagecontainer'><div class='cq-ihover-imageitem'><img src='https:\/\/www.essbilbao.org\/wp-content\/uploads\/2018\/07\/circul-Assembly.jpg' alt='' class='cq-ihover-image' \/><\/div><\/div><div class='info-container'><div class='cq-ihover-info'><div class='cq-ihover-text'><h3><span class='cq-ihover-title cq-title-solid'>Fabricaci\u00f3n<\/span><\/h3><p class=\"cq-ihover-icontext\"><i class=\"cq-ihover-icon entypo-icon entypo-icon-export\"><\/i><\/p><\/div><\/div><\/div><\/a><\/div><\/div><\/div>[\/vc_column_inner][vc_column_inner width=\u00bb7\/12&#8243; css=\u00bb.vc_custom_1535616740650{padding-top: 100px !important;}\u00bb][vc_column_text]<\/p>\n<p class=\"p1\"><span class=\"s1\">La divisi\u00f3n de fabricaci\u00f3n dentro de ESS Bilbao se responsabiliza de tomar un modelo conceptual con sus requerimientos y especificaciones y de seguir con el proceso hasta la instalaci\u00f3n final.\u00a0<\/span><\/p>\n<p>[\/vc_column_text][\/vc_column_inner][\/vc_row_inner][vc_column_text]<span class=\"s1\">Estos pasos incluyen el dise\u00f1o mec\u00e1nico y el\u00e9ctrico para la fabricaci\u00f3n. Considerando los procesos que cada componente necesita, el primer paso es estudiar la necesidad de ese componente y la forma aceptable de fabricarlo, despu\u00e9s de lo cual se implementa y estudia un modelo 3D. Con este modelo 3D es posible verificar que los requisitos (tolerancias, especificaciones de vac\u00edo, especificaciones el\u00e9ctricas) se cumplen, con lo que se puede realizar un dise\u00f1o preliminar en 2D para la fabricaci\u00f3n.<\/span>[\/vc_column_text][\/vc_column][\/vc_row][vc_row css=\u00bb.vc_custom_1530886929258{margin-top: 10px !important;margin-bottom: 0px !important;border-top-width: 30px !important;padding-top: 20px !important;padding-bottom: 0px !important;}\u00bb][vc_column][vc_row_inner css=\u00bb.vc_custom_1530886922011{margin-bottom: 0px !important;padding-bottom: 0px !important;}\u00bb][vc_column_inner width=\u00bb1\/12&#8243;][vc_single_image image=\u00bb1613&#8243; img_size=\u00bb50&#215;50&#8243; css=\u00bb.vc_custom_1530886944546{margin-bottom: 0px !important;border-bottom-width: 0px !important;padding-bottom: 0px !important;}\u00bb][\/vc_column_inner][vc_column_inner width=\u00bb11\/12&#8243; css=\u00bb.vc_custom_1530886822452{margin-bottom: 0px !important;padding-top: 5px !important;padding-bottom: 0px !important;}\u00bb][vc_custom_heading text=\u00bbALCANCE\u00bb font_container=\u00bbtag:h3|font_size:25|text_align:left\u00bb use_theme_fonts=\u00bbyes\u00bb css=\u00bb.vc_custom_1539015105072{margin-bottom: 0px !important;padding-bottom: 0px !important;}\u00bb][vc_separator border_width=\u00bb2&#8243; css=\u00bb.vc_custom_1530875667566{margin-bottom: 0px !important;padding-bottom: 0px !important;}\u00bb][\/vc_column_inner][\/vc_row_inner][\/vc_column][\/vc_row][vc_row css=\u00bb.vc_custom_1531473271272{margin-top: 0px !important;margin-bottom: 0px !important;padding-top: 0px !important;padding-bottom: 10px !important;}\u00bb][vc_column css=\u00bb.vc_custom_1531473352153{margin-top: 0px !important;padding-top: 0px !important;}\u00bb][vc_column_text]<\/p>\n<h6 class=\"p1\"><span class=\"s1\">Tenemos una gran lista de diferentes socios que nos rodean para fabricar casi todos los componentes dise\u00f1ados. Los diferentes \u00e1mbitos de actuaci\u00f3n de los socios se pueden clasificar en dos grandes partes<\/span>:<\/h6>\n<ul class=\"specialbullet\">\n<li>Proveedores comerciales.<\/li>\n<li>Fabricantes.<\/li>\n<\/ul>\n<p>[\/vc_column_text][\/vc_column][\/vc_row][vc_row][vc_column][vc_column_text]<\/p>\n<p class=\"p1\"><span class=\"s1\">Cada una de estas partes tiene sus divisiones en sus especialidades. Por otra parte, ESS Bilbao dispone de sus propias instalaciones para estos trabajos. Estas instalaciones, que pueden suministrar sus servicios a socios externos, son el laboratorio de vac\u00edo con la prueba de fugas y desgasificaci\u00f3n y la instalaci\u00f3n de soldadura avanzada con el EBW.<\/span><\/p>\n<p class=\"p1\"><span class=\"s1\">Una vez fabricados los componentes, ESS Bilbao tiene la capacidad de probar los requisitos necesarios y realizar el montaje final, ya sea en nuestras instalaciones o en las de nuestros socios.<\/span><\/p>\n<p>[\/vc_column_text][\/vc_column][\/vc_row][vc_row css=\u00bb.vc_custom_1535724250598{margin-top: 30px !important;}\u00bb][vc_column width=\u00bb1\/5&#8243;][\/vc_column][vc_column width=\u00bb1\/5&#8243;]<div class=\"cq-imageoverlay2-container  \" data-elementheight=\"\" data-overlaycolor=\"#434A54\"  data-image=\"3\" data-titlesize=\"\" data-contentsize=\"\" data-contentcolor=\"\" data-overlaystyle=\"darkgray\" data-elementmargin=\"\"><a href=\"http:\/\/www.essbilbao.org\/capabilities\/manufacturing-advanced-welding-facility\/advanced-welding\/\" title=\"\" target=\"\" class=\"cq-imageoverlay2-link\"><div class=\"cq-imageoverlay2\"><img decoding=\"async\" src=\"https:\/\/www.essbilbao.org\/wp-content\/uploads\/2018\/08\/boton-MEBT-control2-1.jpg\" class=\"cq-imageoverlay2-img\" alt=\"\" \/><div class=\"text-container\"><h3 class=\"cq-imageoverlay2-title\"><i class=\"cq-imageoverlay2-icon fa fa-sign-out\"><\/i> <\/h3><p class=\"cq-imageoverlay2-content\">Advanced welding<\/p><\/div><div class=\"cq-imageoverlay2-background\"><\/div><\/div><\/a><\/div>[vc_column_text]<\/p>\n<p style=\"text-align: center;\"><strong><a href=\"http:\/\/www.essbilbao.org\/capabilities\/manufacturing-advanced-welding-facility\/advanced-welding\/\">Advanced welding<\/a><br \/>\n(en)<\/strong><\/p>\n<p>[\/vc_column_text][\/vc_column][vc_column width=\u00bb1\/5&#8243;]<div class=\"cq-imageoverlay2-container  \" data-elementheight=\"\" data-overlaycolor=\"#434A54\"  data-image=\"3\" data-titlesize=\"\" data-contentsize=\"\" data-contentcolor=\"\" data-overlaystyle=\"darkgray\" data-elementmargin=\"\"><a href=\"https:\/\/www.essbilbao.org\/capabilities\/manufacturing-advanced-welding-facility\/mechanics\/\" title=\"\" target=\"\" class=\"cq-imageoverlay2-link\"><div class=\"cq-imageoverlay2\"><img decoding=\"async\" src=\"https:\/\/www.essbilbao.org\/wp-content\/uploads\/2018\/08\/boton-Mechanics.jpg\" class=\"cq-imageoverlay2-img\" alt=\"\" \/><div class=\"text-container\"><h3 class=\"cq-imageoverlay2-title\"><i class=\"cq-imageoverlay2-icon fa fa-sign-out\"><\/i> <\/h3><p class=\"cq-imageoverlay2-content\">Mechanics<\/p><\/div><div class=\"cq-imageoverlay2-background\"><\/div><\/div><\/a><\/div>[vc_column_text]<\/p>\n<p style=\"text-align: center;\"><a href=\"https:\/\/www.essbilbao.org\/capabilities\/manufacturing-advanced-welding-facility\/mechanics\/\"><strong>Mechanics <\/strong><\/a><br \/>\n<strong>(en)<\/strong><a href=\"https:\/\/www.essbilbao.org\/capabilities\/manufacturing-advanced-welding-facility\/mechanics\/\"><strong><br \/>\n<\/strong><\/a><\/p>\n<p>[\/vc_column_text][\/vc_column][vc_column width=\u00bb1\/5&#8243;]<div class=\"cq-imageoverlay2-container  \" data-elementheight=\"\" data-overlaycolor=\"#434A54\"  data-image=\"3\" data-titlesize=\"\" data-contentsize=\"\" data-contentcolor=\"\" data-overlaystyle=\"darkgray\" data-elementmargin=\"\"><a href=\"https:\/\/www.essbilbao.org\/capabilities\/manufacturing-advanced-welding-facility\/assembly\/\" title=\"\" target=\"\" class=\"cq-imageoverlay2-link\"><div class=\"cq-imageoverlay2\"><img decoding=\"async\" src=\"https:\/\/www.essbilbao.org\/wp-content\/uploads\/2018\/08\/boton-asembly.jpg\" class=\"cq-imageoverlay2-img\" alt=\"\" \/><div class=\"text-container\"><h3 class=\"cq-imageoverlay2-title\"><i class=\"cq-imageoverlay2-icon fa fa-sign-out\"><\/i> <\/h3><p class=\"cq-imageoverlay2-content\">Assembly<\/p><\/div><div class=\"cq-imageoverlay2-background\"><\/div><\/div><\/a><\/div>[vc_column_text]<\/p>\n<p style=\"text-align: center;\"><strong><a href=\"http:\/\/www.essbilbao.org\/capabilities\/manufacturing-advanced-welding-facility\/assembly\/\">Assembly<\/a><br \/>\n(en)<\/strong><\/p>\n<p>[\/vc_column_text][\/vc_column][vc_column width=\u00bb1\/5&#8243;][\/vc_column][\/vc_row]<\/p>\n<\/div>","protected":false},"excerpt":{"rendered":"<p>[vc_row css=\u00bb.vc_custom_1528305744977{margin-top: 10px !important;border-top-width: 30px !important;padding-top: 20px !important;}\u00bb][vc_column][vc_row_inner][vc_column_inner width=\u00bb5\/12&#8243;][\/vc_column_inner][vc_column_inner width=\u00bb7\/12&#8243; css=\u00bb.vc_custom_1535616740650{padding-top: 100px !important;}\u00bb][vc_column_text] La divisi\u00f3n de fabricaci\u00f3n dentro de ESS Bilbao se responsabiliza de tomar un<span class=\"excerpt-hellip\"> [\u2026]<\/span><\/p>\n","protected":false},"author":2,"featured_media":0,"parent":3839,"menu_order":0,"comment_status":"closed","ping_status":"closed","template":"","meta":{"footnotes":""},"class_list":["post-3896","page","type-page","status-publish","hentry"],"_links":{"self":[{"href":"https:\/\/www.essbilbao.org\/es\/wp-json\/wp\/v2\/pages\/3896","targetHints":{"allow":["GET"]}}],"collection":[{"href":"https:\/\/www.essbilbao.org\/es\/wp-json\/wp\/v2\/pages"}],"about":[{"href":"https:\/\/www.essbilbao.org\/es\/wp-json\/wp\/v2\/types\/page"}],"author":[{"embeddable":true,"href":"https:\/\/www.essbilbao.org\/es\/wp-json\/wp\/v2\/users\/2"}],"replies":[{"embeddable":true,"href":"https:\/\/www.essbilbao.org\/es\/wp-json\/wp\/v2\/comments?post=3896"}],"version-history":[{"count":0,"href":"https:\/\/www.essbilbao.org\/es\/wp-json\/wp\/v2\/pages\/3896\/revisions"}],"up":[{"embeddable":true,"href":"https:\/\/www.essbilbao.org\/es\/wp-json\/wp\/v2\/pages\/3839"}],"wp:attachment":[{"href":"https:\/\/www.essbilbao.org\/es\/wp-json\/wp\/v2\/media?parent=3896"}],"curies":[{"name":"wp","href":"https:\/\/api.w.org\/{rel}","templated":true}]}}