{"id":3920,"date":"2018-06-05T16:42:56","date_gmt":"2018-06-05T14:42:56","guid":{"rendered":"https:\/\/www.essbilbao.org\/?page_id=3920"},"modified":"2021-11-10T14:30:12","modified_gmt":"2021-11-10T13:30:12","slug":"mebt","status":"publish","type":"page","link":"https:\/\/www.essbilbao.org\/es\/contribuciones-en-especie\/mebt\/","title":{"rendered":"MEBT"},"content":{"rendered":"<div class=\"wpb-content-wrapper\"><p>[vc_row css=\u00bb.vc_custom_1528305744977{margin-top: 10px !important;border-top-width: 30px !important;padding-top: 20px !important;}\u00bb][vc_column]<div class=\"fancy_heading fancy_heading_line\"><div class=\"fh-top\"><\/div><h1 class=\"title \">MEBT<\/h1><div class=\"inside\">Secci\u00f3n del acelerador que va entre el RFQ y el DTL<br \/>\n<\/div><\/div>\n[vc_row_inner][vc_column_inner width=\u00bb5\/12&#8243;]<div class=\"cq-ihover  cq-style-darkgray cq-ihover-bordernone\"  data-effect=\"effect8\" data-shape=\"circle\" data-bgcolor=\"\" data-titlesize=\"\" data-titlecolor=\"#ffffff\" data-descsize=\"\" data-desccolor=\"\" data-iconsize=\"\" data-iconcolor=\"\" data-containerwidth=\"300\" data-captionmargintop=\"\" data-videowidth=\"\" data-bgstyle=\"darkgray\"><div class=\"cq-ihover-container\"><div class='cq-ihover-item circle effect8 right_to_left scale_up'><a href='#' class='ihover-nothing'><div class='cq-ihover-imagecontainer'><div class='cq-ihover-imageitem'><img src='https:\/\/www.essbilbao.org\/wp-content\/uploads\/2021\/11\/MEBT1.jpg' alt='' class='cq-ihover-image' \/><\/div><\/div><div class='info-container'><div class='cq-ihover-info'><div class='cq-ihover-text'><h3><span class='cq-ihover-title cq-title-solid'>MEBT<\/span><\/h3><p class=\"cq-ihover-icontext\"><i class=\"cq-ihover-icon entypo-icon entypo-icon-export\"><\/i><\/p><\/div><\/div><\/div><\/a><\/div><\/div><\/div>[\/vc_column_inner][vc_column_inner width=\u00bb7\/12&#8243;][vc_column_text]<\/p>\n<p class=\"p1\"><span class=\"s1\">ESS Bilbao es responsable de la fabricaci\u00f3n y dise\u00f1o del<a href=\"https:\/\/europeanspallationsource.se\/accelerator\"> <span class=\"s3\">ESS MEBT<\/span><\/a> como contribuci\u00f3n en especie. En la secci\u00f3n de Transporte de Haz a Media Energ\u00eda (MEBT) se realizan funciones de diagn\u00f3stico del haz y se optimizan para la aceleraci\u00f3n en el Drift Tube Linac (DTL).<\/span><\/p>\n<p>[\/vc_column_text][vc_single_image image=\u00bb1631&#8243; img_size=\u00bbfull\u00bb alignment=\u00bbcenter\u00bb onclick=\u00bblink_image\u00bb][\/vc_column_inner][\/vc_row_inner][vc_row_inner][vc_column_inner][vc_column_text]<\/p>\n<p class=\"p1\"><span class=\"s1\">El MEBT opera con un haz de protones de 3,6 MeV y con corrientes de 62,5 mA y pulsos nominales de 2.8 ms. El MEBT mide 3,81 m de longitud para la integraci\u00f3n de los diversos componentes. Los componentes del MEBT est\u00e1n instalados en sus vasijas espec\u00edficas de vac\u00edo, colocadas sobre las <\/span><span class=\"s2\">balsas<\/span><span class=\"s1\"> de apoyo. <\/span><\/p>\n<p class=\"p1\"><span class=\"s1\">Se utiliza un conjunto de 11 cuadrupolos para coincidir con las caracter\u00edsticas transversales del haz y tres cavidades de RF Buncher para cumplir con los par\u00e1metros longitudinales. El pulso de haz se conforma utilizando un \u00abchopper\u00bb r\u00e1pido de l\u00ednea con tiempos ascendentes de menos de 10 ns. La caracterizaci\u00f3n del haz se hace mediante un conjunto completo de diagn\u00f3sticos: wire scanner, Emittance Meter Unit, Faraday Cup, BPMs, BCMs\u2026).<\/span><\/p>\n<p>[\/vc_column_text][\/vc_column_inner][\/vc_row_inner][vc_row_inner][vc_column_inner width=\u00bb1\/12&#8243;][vc_single_image image=\u00bb1620&#8243; img_size=\u00bb50&#215;50&#8243; alignment=\u00bbcenter\u00bb][\/vc_column_inner][vc_column_inner width=\u00bb11\/12&#8243; css=\u00bb.vc_custom_1530886001920{margin-bottom: 0px !important;padding-top: 5px !important;padding-bottom: 0px !important;}\u00bb][vc_custom_heading text=\u00bbOBJETIVOS\u00bb font_container=\u00bbtag:h3|font_size:25|text_align:left\u00bb use_theme_fonts=\u00bbyes\u00bb css=\u00bb.vc_custom_1539723321413{margin-bottom: 0px !important;padding-bottom: 0px !important;}\u00bb][vc_separator border_width=\u00bb2&#8243; css=\u00bb.vc_custom_1530875667566{margin-bottom: 0px !important;padding-bottom: 0px !important;}\u00bb][\/vc_column_inner][\/vc_row_inner][vc_row_inner][vc_column_inner width=\u00bb1\/3&#8243;][vc_column_text]<\/p>\n<h1>1.<\/h1>\n<p>[\/vc_column_text][vc_column_text]<span class=\"s2\">Hacer coincidir las caracter\u00edsticas del haz que sale del RFQ con la entrada del<span class=\"Apple-converted-space\">\u00a0 <\/span>DTL tanto transversal, utilizando cuadrupolos, como longitudinalmente cavidades de RF Buncher y adaptando el pulso de neutrones con el chopper r\u00e1pido.<\/span>[\/vc_column_text][\/vc_column_inner][vc_column_inner width=\u00bb1\/3&#8243;][vc_column_text]<\/p>\n<h1>2.<\/h1>\n<p>[\/vc_column_text][vc_column_text]<span class=\"s2\">Caracterizaci\u00f3n del haz (corriente del haz, forma del pulso, tama\u00f1o, emitancia) por medio de un conjunto de diagn\u00f3sticos completos. <\/span>[\/vc_column_text][\/vc_column_inner][vc_column_inner width=\u00bb1\/3&#8243;][vc_column_text]<\/p>\n<h1>3.<\/h1>\n<p>[\/vc_column_text][vc_column_text]<span class=\"s2\">Control de desarrollo e integraci\u00f3n en el entorno ESS EPICS.<\/span>[\/vc_column_text][\/vc_column_inner][\/vc_row_inner][\/vc_column][\/vc_row][vc_row css=\u00bb.vc_custom_1530886929258{margin-top: 10px !important;margin-bottom: 0px !important;border-top-width: 30px !important;padding-top: 20px !important;padding-bottom: 0px !important;}\u00bb][vc_column][vc_row_inner css=\u00bb.vc_custom_1530886922011{margin-bottom: 0px !important;padding-bottom: 0px !important;}\u00bb][vc_column_inner width=\u00bb1\/12&#8243;][vc_single_image image=\u00bb1613&#8243; img_size=\u00bb50&#215;50&#8243; css=\u00bb.vc_custom_1530886944546{margin-bottom: 0px !important;border-bottom-width: 0px !important;padding-bottom: 0px !important;}\u00bb][\/vc_column_inner][vc_column_inner width=\u00bb11\/12&#8243; css=\u00bb.vc_custom_1530886822452{margin-bottom: 0px !important;padding-top: 5px !important;padding-bottom: 0px !important;}\u00bb][vc_custom_heading text=\u00bbALCANCE\u00bb font_container=\u00bbtag:h3|font_size:25|text_align:left\u00bb use_theme_fonts=\u00bbyes\u00bb css=\u00bb.vc_custom_1539723330418{margin-bottom: 0px !important;padding-bottom: 0px !important;}\u00bb][vc_separator border_width=\u00bb2&#8243; css=\u00bb.vc_custom_1530875667566{margin-bottom: 0px !important;padding-bottom: 0px !important;}\u00bb][\/vc_column_inner][\/vc_row_inner][\/vc_column][\/vc_row][vc_row][vc_column width=\u00bb1\/2&#8243;][vc_column_text]<\/p>\n<h6 class=\"p1\"><span class=\"s1\">ESS Bilbao entregar\u00e1 el MEBT completo para ESS en Lund:<\/span><\/h6>\n<ul class=\"specialbullet\">\n<li class=\"li1\"><span class=\"s2\">Imanes cuadrupolares y sus correspondientes fuentes de alimentaci\u00f3n.<\/span><\/li>\n<li class=\"li1\"><span class=\"s2\">Cavidades de radiofrecuencia Buncher.<\/span><\/li>\n<li class=\"li1\"><span class=\"s2\">Sistema de radiofrecuencia de bajo nivel (LLRF).<\/span><\/li>\n<li class=\"li1\"><span class=\"s2\">Amplificadores de RF de alta potencia y su correspondiente distribuci\u00f3n para MEBT.<\/span><\/li>\n<li class=\"li1\"><span class=\"s2\">Chopper r\u00e1pido y dispositivo de detenci\u00f3n de haz (beam dump).<\/span><\/li>\n<li class=\"li1\"><span class=\"s2\">Instrumentaci\u00f3n del haz.<\/span><\/li>\n<li class=\"li1\"><span class=\"s2\">Sistema de vac\u00edo.<\/span><\/li>\n<li class=\"li1\"><span class=\"s4\">Sistema de enclavamiento.<\/span><\/li>\n<li class=\"li1\"><span class=\"s2\">Soporte mec\u00e1nico, <\/span><span class=\"s4\">balsas<\/span><span class=\"s2\">, tuber\u00edas y recipientes.<\/span><\/li>\n<li class=\"li1\"><\/li>\n<\/ul>\n<p>[\/vc_column_text][\/vc_column][vc_column width=\u00bb1\/2&#8243;]<div class=\"cq-ihover  cq-style-darkgray cq-ihover-bordernone\"  data-effect=\"effect8\" data-shape=\"square\" data-bgcolor=\"\" data-titlesize=\"\" data-titlecolor=\"#ffffff\" data-descsize=\"\" data-desccolor=\"\" data-iconsize=\"\" data-iconcolor=\"\" data-containerwidth=\"400px\" data-captionmargintop=\"\" data-videowidth=\"\" data-bgstyle=\"darkgray\"><div class=\"cq-ihover-container\"><div class='cq-ihover-item square effect8 right_to_left scale_up'><a href='https:\/\/www.essbilbao.org\/wp-content\/uploads\/2021\/11\/MEBT.jpg' class='cq-ihover-lightbox'><div class='cq-ihover-imagecontainer'><div class='cq-ihover-imageitem'><img src='https:\/\/www.essbilbao.org\/wp-content\/uploads\/2021\/11\/MEBT-500x278.jpg' alt='' class='cq-ihover-image' \/><\/div><\/div><div class='cq-ihover-info'><div class='cq-ihover-text'><h3><span class='cq-ihover-title cq-title-solid'>MEBT<\/span><\/h3><p class=\"cq-ihover-icontext\"><i class=\"cq-ihover-icon entypo-icon entypo-icon-export\"><\/i><\/p><\/div><\/div><\/a><\/div><\/div><\/div>[\/vc_column][\/vc_row][vc_row css=\u00bb.vc_custom_1528305744977{margin-top: 10px !important;border-top-width: 30px !important;padding-top: 20px !important;}\u00bb][vc_column][vc_row_inner][vc_column_inner width=\u00bb1\/12&#8243; css=\u00bb.vc_custom_1531473310235{margin-bottom: 0px !important;padding-bottom: 0px !important;}\u00bb][vc_single_image image=\u00bb1613&#8243; img_size=\u00bb50&#215;50&#8243; css=\u00bb.vc_custom_1530886287673{margin-bottom: 0px !important;border-bottom-width: 0px !important;padding-bottom: 0px !important;}\u00bb][\/vc_column_inner][vc_column_inner width=\u00bb11\/12&#8243; css=\u00bb.vc_custom_1531473321378{margin-bottom: 0px !important;border-bottom-width: 0px !important;padding-top: 5px !important;padding-bottom: 0px !important;}\u00bb][vc_custom_heading text=\u00bbCAPACIDAD Y DESARROLLO\u00bb font_container=\u00bbtag:h3|font_size:25|text_align:left\u00bb use_theme_fonts=\u00bbyes\u00bb css=\u00bb.vc_custom_1539723411799{margin-bottom: 0px !important;padding-bottom: 0px !important;}\u00bb][vc_separator border_width=\u00bb2&#8243; css=\u00bb.vc_custom_1530886278606{margin-bottom: 0px !important;padding-bottom: 0px !important;}\u00bb][\/vc_column_inner][\/vc_row_inner][\/vc_column][\/vc_row][vc_row][vc_column][vc_column_text]<\/p>\n<h4><span class=\"s2\" style=\"color: #c22630;\"><b> Simulaci\u00f3n y modelado <\/b><\/span><\/h4>\n<p class=\"p1\"><span class=\"s1\">Los componentes del MEBT conciernen a m\u00faltiples campos de la f\u00edsica y de la ingenier\u00eda. An\u00e1lisis electromagn\u00e9tico por medio de Comsol Multiphysics, termomec\u00e1nico con Ansys, dise\u00f1o mec\u00e1nico e integraci\u00f3n con CATIA, rastreo de part\u00edculas con GPT o din\u00e1mica de haces por medio de TraceWin. <\/span><\/p>\n<p>[\/vc_column_text][vc_row_inner][vc_column_inner width=\u00bb1\/3&#8243;]<div class=\"cq-twoface-box-container\" data-frontbg=\"#CCD1D9\" data-backbg=\"#AAB2BD\" data-fontcolor=\"\" data-face1=\"cq-face-front\" data-face2=\"cq-face-back\" data-cubedirection=\"bottomtop\" data-cubeheight=\"\" data-avatarsize=\"80\" data-contentcolor=\"\" data-contentsize=\"\" data-titlesize=\"\" data-contentwidth=\"\" data-rotatecube=\"0\" data-iconcolor=\"\" data-cubemargin=\"\" data-cubewidth=\"\" data-frontavatar=\"none\" data-frontfullimage=\"https:\/\/www.essbilbao.org\/wp-content\/uploads\/2018\/10\/EM_Sim.jpg\" data-backavatar=\"none\" data-backfullimage=\"https:\/\/www.essbilbao.org\/wp-content\/uploads\/2018\/06\/fondo_logos_pie.jpg\"><div class=\"cq-twoface-box\"><div class=\"cq-face-item cq-face-front\"><div class=\"cq-face-content\"><\/div><\/div><div class=\"cq-face-item cq-face-back\"><div class=\"cq-face-content\"><h4 class=\"cq-face-title\">Simulaci\u00f3n del modelado<\/h4><\/div><\/div><\/div><\/div>[\/vc_column_inner][vc_column_inner width=\u00bb1\/3&#8243;]<div class=\"cq-twoface-box-container\" data-frontbg=\"#CCD1D9\" data-backbg=\"#AAB2BD\" data-fontcolor=\"\" data-face1=\"cq-face-front\" data-face2=\"cq-face-back\" data-cubedirection=\"bottomtop\" data-cubeheight=\"\" data-avatarsize=\"80\" data-contentcolor=\"\" data-contentsize=\"\" data-titlesize=\"\" data-contentwidth=\"\" data-rotatecube=\"0\" data-iconcolor=\"\" data-cubemargin=\"\" data-cubewidth=\"\" data-frontavatar=\"none\" data-frontfullimage=\"https:\/\/www.essbilbao.org\/wp-content\/uploads\/2018\/10\/BD_Sim.jpg\" data-backavatar=\"none\" data-backfullimage=\"https:\/\/www.essbilbao.org\/wp-content\/uploads\/2018\/06\/fondo_logos_pie.jpg\"><div class=\"cq-twoface-box\"><div class=\"cq-face-item cq-face-front\"><div class=\"cq-face-content\"><\/div><\/div><div class=\"cq-face-item cq-face-back\"><div class=\"cq-face-content\"><h4 class=\"cq-face-title\">Beam dynamics<\/h4><\/div><\/div><\/div><\/div>[\/vc_column_inner][vc_column_inner width=\u00bb1\/3&#8243;]<div class=\"cq-twoface-box-container\" data-frontbg=\"#CCD1D9\" data-backbg=\"#AAB2BD\" data-fontcolor=\"\" data-face1=\"cq-face-front\" data-face2=\"cq-face-back\" data-cubedirection=\"bottomtop\" data-cubeheight=\"\" data-avatarsize=\"80\" data-contentcolor=\"\" data-contentsize=\"\" data-titlesize=\"\" data-contentwidth=\"\" data-rotatecube=\"0\" data-iconcolor=\"\" data-cubemargin=\"\" data-cubewidth=\"\" data-frontavatar=\"none\" data-frontfullimage=\"https:\/\/www.essbilbao.org\/wp-content\/uploads\/2018\/10\/TM_Sim-1.jpg\" data-backavatar=\"none\" data-backfullimage=\"https:\/\/www.essbilbao.org\/wp-content\/uploads\/2018\/06\/fondo_logos_pie.jpg\"><div class=\"cq-twoface-box\"><div class=\"cq-face-item cq-face-front\"><div class=\"cq-face-content\"><\/div><\/div><div class=\"cq-face-item cq-face-back\"><div class=\"cq-face-content\"><h4 class=\"cq-face-title\">Termomec\u00e1nica<\/h4><\/div><\/div><\/div><\/div>[\/vc_column_inner][\/vc_row_inner][vc_separator style=\u00bbshadow\u00bb][\/vc_column][\/vc_row][vc_row][vc_column][vc_column_text]<\/p>\n<h4><span class=\"s2\" style=\"color: #c22630;\"><b> Caracterizaci\u00f3n experimental <\/b><\/span><\/h4>\n<p class=\"p1\"><span class=\"s1\"> Para la caracterizaci\u00f3n y la aceptaci\u00f3n de los componentes del MEBT se efect\u00faan diferentes pruebas mec\u00e1nicas, de vac\u00edo, de movimiento, el\u00e9ctricas y electr\u00f3nicas . Para la caracterizaci\u00f3n del rendimiento electromagn\u00e9tico (BPMs, Buncher, Chopper r\u00e1pido) se desarrollan pruebas espec\u00edficas en las que se utiliza equipamiento de ESS-Bilbao. <\/span><\/p>\n<p>[\/vc_column_text][vc_row_inner][vc_column_inner width=\u00bb1\/3&#8243;]<div class=\"cq-twoface-box-container\" data-frontbg=\"#CCD1D9\" data-backbg=\"#AAB2BD\" data-fontcolor=\"\" data-face1=\"cq-face-front\" data-face2=\"cq-face-back\" data-cubedirection=\"bottomtop\" data-cubeheight=\"\" data-avatarsize=\"80\" data-contentcolor=\"\" data-contentsize=\"\" data-titlesize=\"\" data-contentwidth=\"\" data-rotatecube=\"0\" data-iconcolor=\"\" data-cubemargin=\"\" data-cubewidth=\"\" data-frontavatar=\"none\" data-frontfullimage=\"https:\/\/www.essbilbao.org\/wp-content\/uploads\/2018\/10\/Quad_Exp.jpg\" data-backavatar=\"none\" data-backfullimage=\"https:\/\/www.essbilbao.org\/wp-content\/uploads\/2018\/06\/fondo_logos_pie.jpg\"><div class=\"cq-twoface-box\"><div class=\"cq-face-item cq-face-front\"><div class=\"cq-face-content\"><\/div><\/div><div class=\"cq-face-item cq-face-back\"><div class=\"cq-face-content\"><h4 class=\"cq-face-title\">Cuadrupolo<\/h4><\/div><\/div><\/div><\/div>[\/vc_column_inner][vc_column_inner width=\u00bb1\/3&#8243;]<div class=\"cq-twoface-box-container\" data-frontbg=\"#CCD1D9\" data-backbg=\"#AAB2BD\" data-fontcolor=\"\" data-face1=\"cq-face-front\" data-face2=\"cq-face-back\" data-cubedirection=\"bottomtop\" data-cubeheight=\"\" data-avatarsize=\"80\" data-contentcolor=\"\" data-contentsize=\"\" data-titlesize=\"\" data-contentwidth=\"\" data-rotatecube=\"0\" data-iconcolor=\"\" data-cubemargin=\"\" data-cubewidth=\"\" data-frontavatar=\"none\" data-frontfullimage=\"https:\/\/www.essbilbao.org\/wp-content\/uploads\/2018\/10\/BPM_Exp.jpg\" data-backavatar=\"none\" data-backfullimage=\"https:\/\/www.essbilbao.org\/wp-content\/uploads\/2018\/06\/fondo_logos_pie.jpg\"><div class=\"cq-twoface-box\"><div class=\"cq-face-item cq-face-front\"><div class=\"cq-face-content\"><\/div><\/div><div class=\"cq-face-item cq-face-back\"><div class=\"cq-face-content\"><h4 class=\"cq-face-title\">BMP<\/h4><\/div><\/div><\/div><\/div>[\/vc_column_inner][vc_column_inner width=\u00bb1\/3&#8243;]<div class=\"cq-twoface-box-container\" data-frontbg=\"#CCD1D9\" data-backbg=\"#AAB2BD\" data-fontcolor=\"\" data-face1=\"cq-face-front\" data-face2=\"cq-face-back\" data-cubedirection=\"bottomtop\" data-cubeheight=\"\" data-avatarsize=\"80\" data-contentcolor=\"\" data-contentsize=\"\" data-titlesize=\"\" data-contentwidth=\"\" data-rotatecube=\"0\" data-iconcolor=\"\" data-cubemargin=\"\" data-cubewidth=\"\" data-frontavatar=\"none\" data-frontfullimage=\"https:\/\/www.essbilbao.org\/wp-content\/uploads\/2018\/10\/Ch_Exp.jpg\" data-backavatar=\"none\" data-backfullimage=\"https:\/\/www.essbilbao.org\/wp-content\/uploads\/2018\/06\/fondo_logos_pie.jpg\"><div class=\"cq-twoface-box\"><div class=\"cq-face-item cq-face-front\"><div class=\"cq-face-content\"><\/div><\/div><div class=\"cq-face-item cq-face-back\"><div class=\"cq-face-content\"><h4 class=\"cq-face-title\">Chopper<\/h4><\/div><\/div><\/div><\/div>[\/vc_column_inner][\/vc_row_inner][vc_separator style=\u00bbshadow\u00bb][\/vc_column][\/vc_row][vc_row][vc_column][vc_column_text]<\/p>\n<h4><span class=\"s2\" style=\"color: #c22630;\"><b> Dise\u00f1o y desarrollo de electr\u00f3nica y control <\/b><\/span><\/h4>\n<p class=\"p1\"><span class=\"s1\">ESS -Bilbao dise\u00f1a y desarrolla la electr\u00f3nica del MEBT, en particular la relacionada con la adquisici\u00f3n de datos y la amplificaci\u00f3n. Altium Designer proporciona la capacidad de efectuar simulaciones, esquemas, dise\u00f1os de PCB y modelos 3D para los componentes electr\u00f3nicos requeridos por el MEBT.<br \/>\nEl control del MEBT est\u00e1 integrado en el entorno ESS EPICS y se desarrollan interfaces gr\u00e1ficas de ingenier\u00eda utilizando CSS.<br \/>\n<\/span><\/p>\n<p>[\/vc_column_text][vc_row_inner][vc_column_inner width=\u00bb1\/3&#8243;]<div class=\"cq-twoface-box-container\" data-frontbg=\"#CCD1D9\" data-backbg=\"#AAB2BD\" data-fontcolor=\"\" data-face1=\"cq-face-front\" data-face2=\"cq-face-back\" data-cubedirection=\"bottomtop\" data-cubeheight=\"\" data-avatarsize=\"80\" data-contentcolor=\"\" data-contentsize=\"\" data-titlesize=\"\" data-contentwidth=\"\" data-rotatecube=\"0\" data-iconcolor=\"\" data-cubemargin=\"\" data-cubewidth=\"\" data-frontavatar=\"none\" data-frontfullimage=\"https:\/\/www.essbilbao.org\/wp-content\/uploads\/2018\/10\/Electronics.jpg\" data-backavatar=\"none\" data-backfullimage=\"https:\/\/www.essbilbao.org\/wp-content\/uploads\/2018\/06\/fondo_logos_pie.jpg\"><div class=\"cq-twoface-box\"><div class=\"cq-face-item cq-face-front\"><div class=\"cq-face-content\"><\/div><\/div><div class=\"cq-face-item cq-face-back\"><div class=\"cq-face-content\"><h4 class=\"cq-face-title\">Electr\u00f3nica<\/h4><\/div><\/div><\/div><\/div>[\/vc_column_inner][vc_column_inner width=\u00bb1\/3&#8243;]<div class=\"cq-twoface-box-container\" data-frontbg=\"#CCD1D9\" data-backbg=\"#AAB2BD\" data-fontcolor=\"\" data-face1=\"cq-face-front\" data-face2=\"cq-face-back\" data-cubedirection=\"bottomtop\" data-cubeheight=\"\" data-avatarsize=\"80\" data-contentcolor=\"\" data-contentsize=\"\" data-titlesize=\"\" data-contentwidth=\"\" data-rotatecube=\"0\" data-iconcolor=\"\" data-cubemargin=\"\" data-cubewidth=\"\" data-frontavatar=\"none\" data-frontfullimage=\"https:\/\/www.essbilbao.org\/wp-content\/uploads\/2018\/10\/Altium_Modlling.jpg\" data-backavatar=\"none\" data-backfullimage=\"https:\/\/www.essbilbao.org\/wp-content\/uploads\/2018\/06\/fondo_logos_pie.jpg\"><div class=\"cq-twoface-box\"><div class=\"cq-face-item cq-face-front\"><div class=\"cq-face-content\"><\/div><\/div><div class=\"cq-face-item cq-face-back\"><div class=\"cq-face-content\"><h4 class=\"cq-face-title\">Altium modelado 3D<\/h4><\/div><\/div><\/div><\/div>[\/vc_column_inner][vc_column_inner width=\u00bb1\/3&#8243;]<div class=\"cq-twoface-box-container\" data-frontbg=\"#CCD1D9\" data-backbg=\"#AAB2BD\" data-fontcolor=\"\" data-face1=\"cq-face-front\" data-face2=\"cq-face-back\" data-cubedirection=\"bottomtop\" data-cubeheight=\"\" data-avatarsize=\"80\" data-contentcolor=\"\" data-contentsize=\"\" data-titlesize=\"\" data-contentwidth=\"\" data-rotatecube=\"0\" data-iconcolor=\"\" data-cubemargin=\"\" data-cubewidth=\"\" data-frontavatar=\"none\" data-frontfullimage=\"https:\/\/www.essbilbao.org\/wp-content\/uploads\/2018\/10\/Control_Gui.jpg\" data-backavatar=\"none\" data-backfullimage=\"https:\/\/www.essbilbao.org\/wp-content\/uploads\/2018\/06\/fondo_logos_pie.jpg\"><div class=\"cq-twoface-box\"><div class=\"cq-face-item cq-face-front\"><div class=\"cq-face-content\"><\/div><\/div><div class=\"cq-face-item cq-face-back\"><div class=\"cq-face-content\"><h4 class=\"cq-face-title\">Control GUI<\/h4><\/div><\/div><\/div><\/div>[\/vc_column_inner][\/vc_row_inner][\/vc_column][\/vc_row][vc_row][vc_column width=\u00bb1\/4&#8243;][\/vc_column][vc_column width=\u00bb1\/4&#8243; full_width=\u00bb\u00bb gap=\u00bb0&#8243; full_height=\u00bb\u00bb columns_placement=\u00bbmiddle\u00bb equal_height=\u00bb\u00bb rtl_reverse=\u00bb\u00bb content_placement=\u00bb\u00bb disable_element=\u00bb\u00bb]<div class=\"cq-imageoverlay2-container  \" data-elementheight=\"\" data-overlaycolor=\"#434A54\"  data-image=\"3\" data-titlesize=\"\" data-contentsize=\"\" data-contentcolor=\"\" data-overlaystyle=\"darkgray\" data-elementmargin=\"\"><a href=\"http:\/\/www.essbilbao.org\/projects-technology\/mebt\/mebt-components\/\" title=\"\" target=\"\" class=\"cq-imageoverlay2-link\"><div class=\"cq-imageoverlay2\"><img decoding=\"async\" src=\"https:\/\/www.essbilbao.org\/wp-content\/uploads\/2018\/08\/boton-MEBT-control-1.jpg\" class=\"cq-imageoverlay2-img\" alt=\"\" \/><div class=\"text-container\"><h3 class=\"cq-imageoverlay2-title\"><i class=\"cq-imageoverlay2-icon fa fa-sign-out\"><\/i> <\/h3><p class=\"cq-imageoverlay2-content\">Components<\/p><\/div><div class=\"cq-imageoverlay2-background\"><\/div><\/div><\/a><\/div>[vc_column_text]<\/p>\n<p style=\"text-align: center;\"><strong><a href=\"https:\/\/www.essbilbao.org\/in-kind-contribution\/mebt\/mebt-components\/\">Components<\/a><br \/>\n<\/strong><strong>(en)<\/strong><\/p>\n<p>[\/vc_column_text][\/vc_column][vc_column width=\u00bb1\/4&#8243;]<div class=\"cq-imageoverlay2-container  \" data-elementheight=\"\" data-overlaycolor=\"#434A54\"  data-image=\"3\" data-titlesize=\"\" data-contentsize=\"\" data-contentcolor=\"\" data-overlaystyle=\"darkgray\" data-elementmargin=\"\"><a href=\"http:\/\/www.essbilbao.org\/projects-technology\/mebt\/control-system-for-mebt\/\" title=\"\" target=\"\" class=\"cq-imageoverlay2-link\"><div class=\"cq-imageoverlay2\"><img decoding=\"async\" src=\"https:\/\/www.essbilbao.org\/wp-content\/uploads\/2018\/08\/boton-MEBT-control2-1.jpg\" class=\"cq-imageoverlay2-img\" alt=\"\" \/><div class=\"text-container\"><h3 class=\"cq-imageoverlay2-title\"><i class=\"cq-imageoverlay2-icon fa fa-sign-out\"><\/i> <\/h3><p class=\"cq-imageoverlay2-content\">Control system<\/p><\/div><div class=\"cq-imageoverlay2-background\"><\/div><\/div><\/a><\/div>[vc_column_text]<\/p>\n<p style=\"text-align: center;\"><strong><a href=\"http:\/\/www.essbilbao.org\/projects-technology\/mebt\/control-system-for-mebt\/\">Control &amp; electronics<\/a><br \/>\n<\/strong><strong>(en)<\/strong><\/p>\n<p>[\/vc_column_text][\/vc_column][vc_column width=\u00bb1\/4&#8243;][\/vc_column][\/vc_row]<\/p>\n<\/div>","protected":false},"excerpt":{"rendered":"<p>[vc_row css=\u00bb.vc_custom_1528305744977{margin-top: 10px !important;border-top-width: 30px !important;padding-top: 20px !important;}\u00bb][vc_column][vc_row_inner][vc_column_inner width=\u00bb5\/12&#8243;][\/vc_column_inner][vc_column_inner width=\u00bb7\/12&#8243;][vc_column_text] ESS Bilbao es responsable de la fabricaci\u00f3n y dise\u00f1o del ESS MEBT como contribuci\u00f3n en especie.<span class=\"excerpt-hellip\"> [\u2026]<\/span><\/p>\n","protected":false},"author":2,"featured_media":0,"parent":3930,"menu_order":0,"comment_status":"closed","ping_status":"closed","template":"","meta":{"footnotes":""},"class_list":["post-3920","page","type-page","status-publish","hentry"],"_links":{"self":[{"href":"https:\/\/www.essbilbao.org\/es\/wp-json\/wp\/v2\/pages\/3920","targetHints":{"allow":["GET"]}}],"collection":[{"href":"https:\/\/www.essbilbao.org\/es\/wp-json\/wp\/v2\/pages"}],"about":[{"href":"https:\/\/www.essbilbao.org\/es\/wp-json\/wp\/v2\/types\/page"}],"author":[{"embeddable":true,"href":"https:\/\/www.essbilbao.org\/es\/wp-json\/wp\/v2\/users\/2"}],"replies":[{"embeddable":true,"href":"https:\/\/www.essbilbao.org\/es\/wp-json\/wp\/v2\/comments?post=3920"}],"version-history":[{"count":2,"href":"https:\/\/www.essbilbao.org\/es\/wp-json\/wp\/v2\/pages\/3920\/revisions"}],"predecessor-version":[{"id":11702,"href":"https:\/\/www.essbilbao.org\/es\/wp-json\/wp\/v2\/pages\/3920\/revisions\/11702"}],"up":[{"embeddable":true,"href":"https:\/\/www.essbilbao.org\/es\/wp-json\/wp\/v2\/pages\/3930"}],"wp:attachment":[{"href":"https:\/\/www.essbilbao.org\/es\/wp-json\/wp\/v2\/media?parent=3920"}],"curies":[{"name":"wp","href":"https:\/\/api.w.org\/{rel}","templated":true}]}}