{"id":3930,"date":"2018-06-05T16:41:50","date_gmt":"2018-06-05T14:41:50","guid":{"rendered":"https:\/\/www.essbilbao.org\/?page_id=3930"},"modified":"2018-10-08T17:47:56","modified_gmt":"2018-10-08T16:47:56","slug":"contribuciones-en-especie","status":"publish","type":"page","link":"https:\/\/www.essbilbao.org\/es\/contribuciones-en-especie\/","title":{"rendered":"Contribuciones en especie"},"content":{"rendered":"<div class=\"wpb-content-wrapper\"><p>[vc_row css=\u00bb.vc_custom_1528388219210{padding-top: 30px !important;}\u00bb][vc_column]<div class=\"fancy_heading fancy_heading_line\"><div class=\"fh-top\"><\/div><h1 class=\"title \">Contribuciones en especie<\/h1><div class=\"inside\">ESS Bilbao trabaja en la actualidad en diversos paquetes de trabajo como parte de su contribuci\u00f3n a ESS Lund. <\/div><\/div>\n<div style=\"width:;\" class=\"cqtooltip-wrapper \" data-opacity=\"1\" data-tooltipanimation=\"fade\" data-tooltipstyle=\"shadow\" data-trigger=\"\" data-maxwidth=\"240\" data-marginoffset=\"\" data-isdisplayall=\"off\" data-displayednum=\"1\"><img decoding=\"async\" src=\"https:\/\/www.essbilbao.org\/wp-content\/uploads\/2018\/07\/acelerador-essLund.jpg\" alt=\"\" \/><div class=\"cq-hotspots\"><div class=\"hotspot-item  \" style=\"top:65.39584245076585%;left:24.47742474916388%;\" data-top=\"65.39584245076585%\" data-left=\"24.47742474916388%\"><a href=\"#\" class=\"cq-tooltip\" style=\"background-color:#d22630;\" data-iconbg=\"#d22630\" data-tooltip=\"\n&lt;strong&gt;MEBT&lt;\/strong&gt;&lt;\/p&gt;\n&lt;p&gt;&lt;b&gt;&lt;\/b&gt;&lt;span class=&quot;s2&quot;&gt;Secci\u00f3n de acelerador llamada MEBT (Transporte de Haz a Media Energ\u00eda) donde se realizan funciones de diagn\u00f3stico del haz, tanto de sus caracter\u00edsticas transversales como longitudinales&lt;\/span&gt;.\" data-arrowposition=\"\"><i>1<\/i><\/a><\/div><div class=\"hotspot-item  \" style=\"top:49.76761487964989%;left:40.43294314381271%;\" data-top=\"49.76761487964989%\" data-left=\"40.43294314381271%\"><a href=\"#\" class=\"cq-tooltip\" style=\"background-color:#d22630;\" data-iconbg=\"#d22630\" data-tooltip=\"\n&lt;strong&gt;RF&lt;\/strong&gt;&lt;\/p&gt;\n&lt;p&gt;Varias cadenas de RF, una para el RFQ, cinco para el DTL: compuestas por moduladores, klytrons y gu\u00edas de onda.&lt;\/p&gt;\n&lt;p&gt;\" data-arrowposition=\"top\"><i>2<\/i><\/a><\/div><div class=\"hotspot-item  \" style=\"top:26.695842450765866%;left:59.53963210702341%;\" data-top=\"26.695842450765866%\" data-left=\"59.53963210702341%\"><a href=\"#\" class=\"cq-tooltip\" style=\"background-color:#d22630;\" data-iconbg=\"#d22630\" data-tooltip=\"\n&lt;strong&gt;TARGET&lt;\/strong&gt;&lt;\/p&gt;\n&lt;p class=&quot;p1&quot;&gt;&lt;span class=&quot;s1&quot;&gt;Dise\u00f1o, construcci\u00f3n y puesta en marcha de 5 elementos de la estaci\u00f3n del Blanco (Target): la rueda, es el elemento principal y el lugar donde se producen los haces de neutrones&lt;\/span&gt;.\" data-arrowposition=\"top\"><i>3<\/i><\/a><\/div><div class=\"hotspot-item  \" style=\"top:15.24890590809628%;left:69.40978260869565%;\" data-top=\"15.24890590809628%\" data-left=\"69.40978260869565%\"><a href=\"#\" class=\"cq-tooltip\" style=\"background-color:#d22630;\" data-iconbg=\"#d22630\" data-tooltip=\"\n&lt;strong&gt;INSTRUMENTO MIRACLES&lt;\/strong&gt;&lt;\/p&gt;\n&lt;p&gt;&lt;span class=&quot;s2&quot;&gt;ESS Bilbao es contratista principal en el instrumento Miracles, &lt;\/span&gt;&lt;span class=&quot;s3&quot;&gt;cuyo programa cient\u00edfico se especializar\u00e1 en el estudio de los pol\u00edmeros y en la materia condensada blanda.&lt;\/span&gt;&lt;\/p&gt;\n&lt;p&gt;\" data-arrowposition=\"top\"><i>4<\/i><\/a><\/div><\/div><\/div>[vc_row_inner css=\u00bb.vc_custom_1528368163402{margin-bottom: 0px !important;border-bottom-width: 0px !important;padding-top: 0px !important;padding-bottom: 0px !important;}\u00bb][vc_column_inner width=\u00bb1\/4&#8243; css=\u00bb.vc_custom_1528277729541{margin-bottom: 10px !important;border-top-width: 30px !important;border-bottom-width: 10px !important;padding-top: 50px !important;padding-right: 20px !important;padding-bottom: 10px !important;padding-left: 20px !important;background-color: #ffffff !important;}\u00bb]<div class=\"cq-ihover  cq-style-darkgray cq-ihover-bordernone\"  data-effect=\"effect8\" data-shape=\"circle\" data-bgcolor=\"\" data-titlesize=\"25\" data-titlecolor=\"#ffffff\" data-descsize=\"\" data-desccolor=\"#ffffff\" data-iconsize=\"\" data-iconcolor=\"\" data-containerwidth=\"\" data-captionmargintop=\"\" data-videowidth=\"\" data-bgstyle=\"darkgray\"><div class=\"cq-ihover-container\"><div class='cq-ihover-item circle effect8 left_to_right scale_up'><a href='http:\/\/www.essbilbao.org\/projects-technology\/mebt\/' title='' target='' rel=''><div class='cq-ihover-imagecontainer'><div class='cq-ihover-imageitem'><img src='https:\/\/www.essbilbao.org\/wp-content\/uploads\/2018\/09\/circulo-MBET2.jpg' alt='' class='cq-ihover-image' \/><\/div><\/div><div class='info-container'><div class='cq-ihover-info'><div class='cq-ihover-text'><h3><span class='cq-ihover-title cq-title-solid'>MEBT<\/span><\/h3><p class=\"cq-ihover-icontext\"><i class=\"cq-ihover-icon entypo-icon entypo-icon-down-open-big\"><\/i><\/p><\/div><\/div><\/div><\/a><\/div><\/div><\/div>[vc_column_text css=\u00bb.vc_custom_1539017230751{margin-top: 0px !important;border-top-width: 0px !important;padding-top: 0px !important;}\u00bb]<\/p>\n<h5 style=\"text-align: center;\"><span style=\"color: #d22630;\">MEBT<\/span><\/h5>\n<p class=\"p1\" style=\"text-align: center;\"><span class=\"s1\">Secci\u00f3n del acelerador que va despu\u00e9s del RFQ\u00a0<\/span><span class=\"s1\">y que integra: fabricaci\u00f3n, diagn\u00f3sticos y pruebas.\u00a0<\/span><\/p>\n<p>[\/vc_column_text][vc_btn title=\u00bbMEBT\u00bb shape=\u00bbsquare\u00bb size=\u00bbsm\u00bb align=\u00bbcenter\u00bb css_animation=\u00bbfadeIn\u00bb link=\u00bburl:http%3A%2F%2Fwww.essbilbao.org%2Fprojects-technology%2Fmebt%2F|||\u00bb][\/vc_column_inner][vc_column_inner width=\u00bb1\/4&#8243; css=\u00bb.vc_custom_1528277562367{border-top-width: 30px !important;padding-top: 50px !important;padding-right: 20px !important;padding-bottom: 30px !important;padding-left: 20px !important;background-color: #ffffff !important;}\u00bb]<div class=\"cq-ihover  cq-style-darkgray cq-ihover-bordernone\"  data-effect=\"effect8\" data-shape=\"circle\" data-bgcolor=\"\" data-titlesize=\"25\" data-titlecolor=\"#ffffff\" data-descsize=\"\" data-desccolor=\"#ffffff\" data-iconsize=\"\" data-iconcolor=\"\" data-containerwidth=\"\" data-captionmargintop=\"\" data-videowidth=\"\" data-bgstyle=\"darkgray\"><div class=\"cq-ihover-container\"><div class='cq-ihover-item circle effect8 left_to_right scale_up'><a href='http:\/\/www.essbilbao.org\/projects-technology\/rf-systems\/' title='' target='' rel=''><div class='cq-ihover-imagecontainer'><div class='cq-ihover-imageitem'><img src='https:\/\/www.essbilbao.org\/wp-content\/uploads\/2018\/09\/circulo-rf.jpg' alt='' class='cq-ihover-image' \/><\/div><\/div><div class='info-container'><div class='cq-ihover-info'><div class='cq-ihover-text'><h3><span class='cq-ihover-title cq-title-solid'>RF SYSTEMS<\/span><\/h3><p class=\"cq-ihover-icontext\"><i class=\"cq-ihover-icon entypo-icon entypo-icon-down-open-big\"><\/i><\/p><\/div><\/div><\/div><\/a><\/div><\/div><\/div>[vc_column_text css=\u00bb.vc_custom_1539017225616{margin-top: 0px !important;border-top-width: 0px !important;padding-top: 0px !important;}\u00bb]<\/p>\n<h5 style=\"text-align: center;\"><span style=\"color: #d22630;\">SISTEMAS RF<\/span><\/h5>\n<p class=\"p1\" style=\"text-align: center;\"><span class=\"s1\">Nueve cadenas completas de potencia RF para la secci\u00f3n NC linac: RFQ, MEBT y DTL, incluyendo moduladores, amplificadores de potencia, sistema de distribuci\u00f3n, LLRF y enclavamientos.<\/span><\/p>\n<p>[\/vc_column_text][vc_btn title=\u00bbSISTEMAS RF\u00bb shape=\u00bbsquare\u00bb size=\u00bbsm\u00bb align=\u00bbcenter\u00bb css_animation=\u00bbfadeIn\u00bb link=\u00bburl:http%3A%2F%2Fwww.essbilbao.org%2Fprojects-technology%2Frf-systems%2F|||\u00bb][\/vc_column_inner][vc_column_inner width=\u00bb1\/4&#8243; css=\u00bb.vc_custom_1528277569636{border-top-width: 30px !important;padding-top: 50px !important;padding-right: 20px !important;padding-bottom: 30px !important;padding-left: 20px !important;background-color: #ffffff !important;}\u00bb]<div class=\"cq-ihover  cq-style-darkgray cq-ihover-bordernone\"  data-effect=\"effect8\" data-shape=\"circle\" data-bgcolor=\"\" data-titlesize=\"25\" data-titlecolor=\"#ffffff\" data-descsize=\"\" data-desccolor=\"#ffffff\" data-iconsize=\"\" data-iconcolor=\"\" data-containerwidth=\"\" data-captionmargintop=\"\" data-videowidth=\"\" data-bgstyle=\"darkgray\"><div class=\"cq-ihover-container\"><div class='cq-ihover-item circle effect8 left_to_right scale_up'><a href='http:\/\/www.essbilbao.org\/projects-technology\/target\/' title='' target='' rel=''><div class='cq-ihover-imagecontainer'><div class='cq-ihover-imageitem'><img src='https:\/\/www.essbilbao.org\/wp-content\/uploads\/2018\/09\/circulo-target2.jpg' alt='' class='cq-ihover-image' \/><\/div><\/div><div class='info-container'><div class='cq-ihover-info'><div class='cq-ihover-text'><h3><span class='cq-ihover-title cq-title-solid'>TARGET<\/span><\/h3><p class=\"cq-ihover-icontext\"><i class=\"cq-ihover-icon entypo-icon entypo-icon-down-open-big\"><\/i><\/p><\/div><\/div><\/div><\/a><\/div><\/div><\/div>[vc_column_text css=\u00bb.vc_custom_1539017261850{margin-top: 0px !important;border-top-width: 0px !important;padding-top: 0px !important;}\u00bb]<\/p>\n<h5 style=\"text-align: center;\"><span style=\"color: #d22630;\">BLANCO (TARGET)<\/span><\/h5>\n<p class=\"p1\" style=\"text-align: center;\"><span class=\"s1\">Dise\u00f1o, construcci\u00f3n y ensayo de 5 elementos del Blanco (Target), incluida la rueda, que es el elemento principal del blanco y productor de sus impulsos de neutrones.<\/span><\/p>\n<p>[\/vc_column_text][vc_btn title=\u00bbBLANCO (TARGET)\u00bb shape=\u00bbsquare\u00bb size=\u00bbsm\u00bb align=\u00bbcenter\u00bb css_animation=\u00bbfadeIn\u00bb link=\u00bburl:http%3A%2F%2Fwww.essbilbao.org%2Fprojects-technology%2Ftarget%2F|||\u00bb][\/vc_column_inner][vc_column_inner width=\u00bb1\/4&#8243; css=\u00bb.vc_custom_1528277575421{border-top-width: 30px !important;padding-top: 50px !important;padding-right: 20px !important;padding-bottom: 30px !important;padding-left: 20px !important;background-color: #ffffff !important;}\u00bb]<div class=\"cq-ihover  cq-style-darkgray cq-ihover-bordernone\"  data-effect=\"effect8\" data-shape=\"circle\" data-bgcolor=\"\" data-titlesize=\"25\" data-titlecolor=\"#ffffff\" data-descsize=\"\" data-desccolor=\"#ffffff\" data-iconsize=\"\" data-iconcolor=\"\" data-containerwidth=\"\" data-captionmargintop=\"\" data-videowidth=\"\" data-bgstyle=\"darkgray\"><div class=\"cq-ihover-container\"><div class='cq-ihover-item circle effect8 left_to_right scale_up'><a href='http:\/\/www.essbilbao.org\/in-kind-contribution\/instrument\/' title='' target='' rel=''><div class='cq-ihover-imagecontainer'><div class='cq-ihover-imageitem'><img src='https:\/\/www.essbilbao.org\/wp-content\/uploads\/2018\/07\/intrument.jpg' alt='' class='cq-ihover-image' \/><\/div><\/div><div class='info-container'><div class='cq-ihover-info'><div class='cq-ihover-text'><h3><span class='cq-ihover-title cq-title-solid'>MIRACLES INTRUMENT<\/span><\/h3><p class=\"cq-ihover-icontext\"><i class=\"cq-ihover-icon entypo-icon entypo-icon-down-open-big\"><\/i><\/p><\/div><\/div><\/div><\/a><\/div><\/div><\/div>[vc_column_text css=\u00bb.vc_custom_1539017279552{margin-top: 0px !important;border-top-width: 0px !important;padding-top: 0px !important;}\u00bb]<\/p>\n<h5 style=\"text-align: center;\"><span style=\"color: #d22630;\">INSTRUMENTO\u00a0<\/span><span style=\"color: #d22630;\">MIRACLES<\/span><\/h5>\n<p class=\"p1\" style=\"text-align: center;\"><span class=\"s1\">ESS Bilbao es contratista principal del instrumento Miracles, cuyo programa cient\u00edfico se especializar\u00e1 en estudios de pol\u00edmeros y de materias blandas condensadas. <\/span><\/p>\n<p>[\/vc_column_text][vc_btn title=\u00bbINSTRUMENTO MIRACLES\u00bb shape=\u00bbsquare\u00bb size=\u00bbsm\u00bb align=\u00bbcenter\u00bb css_animation=\u00bbfadeIn\u00bb link=\u00bburl:http%3A%2F%2Fwww.essbilbao.org%2Fprojects-technology%2Finstrument%2F|||\u00bb][\/vc_column_inner][\/vc_row_inner][\/vc_column][\/vc_row]<\/p>\n<\/div>","protected":false},"excerpt":{"rendered":"<p>[vc_row css=\u00bb.vc_custom_1528388219210{padding-top: 30px !important;}\u00bb][vc_column][vc_row_inner css=\u00bb.vc_custom_1528368163402{margin-bottom: 0px !important;border-bottom-width: 0px !important;padding-top: 0px !important;padding-bottom: 0px !important;}\u00bb][vc_column_inner width=\u00bb1\/4&#8243; css=\u00bb.vc_custom_1528277729541{margin-bottom: 10px !important;border-top-width: 30px !important;border-bottom-width: 10px !important;padding-top: 50px !important;padding-right: 20px !important;padding-bottom: 10px<span class=\"excerpt-hellip\"> [\u2026]<\/span><\/p>\n","protected":false},"author":2,"featured_media":0,"parent":0,"menu_order":0,"comment_status":"closed","ping_status":"closed","template":"","meta":{"footnotes":""},"class_list":["post-3930","page","type-page","status-publish","hentry"],"_links":{"self":[{"href":"https:\/\/www.essbilbao.org\/es\/wp-json\/wp\/v2\/pages\/3930","targetHints":{"allow":["GET"]}}],"collection":[{"href":"https:\/\/www.essbilbao.org\/es\/wp-json\/wp\/v2\/pages"}],"about":[{"href":"https:\/\/www.essbilbao.org\/es\/wp-json\/wp\/v2\/types\/page"}],"author":[{"embeddable":true,"href":"https:\/\/www.essbilbao.org\/es\/wp-json\/wp\/v2\/users\/2"}],"replies":[{"embeddable":true,"href":"https:\/\/www.essbilbao.org\/es\/wp-json\/wp\/v2\/comments?post=3930"}],"version-history":[{"count":0,"href":"https:\/\/www.essbilbao.org\/es\/wp-json\/wp\/v2\/pages\/3930\/revisions"}],"wp:attachment":[{"href":"https:\/\/www.essbilbao.org\/es\/wp-json\/wp\/v2\/media?parent=3930"}],"curies":[{"name":"wp","href":"https:\/\/api.w.org\/{rel}","templated":true}]}}