{"id":4011,"date":"2018-06-15T13:11:50","date_gmt":"2018-06-15T11:11:50","guid":{"rendered":"https:\/\/www.essbilbao.org\/?page_id=4011"},"modified":"2018-10-08T15:41:56","modified_gmt":"2018-10-08T14:41:56","slug":"mapa-web","status":"publish","type":"page","link":"https:\/\/www.essbilbao.org\/es\/mapa-web\/","title":{"rendered":"Mapa web"},"content":{"rendered":"<div class=\"wsp-container\"><h2 class=\"wsp-pages-title\">P\u00e1ginas<\/h2>\n<ul class=\"wsp-pages-list\">\n<li class=\"page_item page-item-4025 page_item_has_children\"><a href=\"https:\/\/www.essbilbao.org\/es\/contrataciones\/\">Contrataciones<\/a>\n<ul class='children'>\n\t<li class=\"page_item page-item-4030\"><a href=\"https:\/\/www.essbilbao.org\/es\/contrataciones\/contrataciones-previas-al-31-de-julio-de-2018\/\">Contrataciones previas al 31 de julio de 2018<\/a><\/li>\n<\/ul>\n<\/li>\n<li class=\"page_item page-item-14124\"><a href=\"https:\/\/www.essbilbao.org\/es\/politica-de-cookies\/\">Pol\u00edtica de cookies<\/a><\/li>\n<li class=\"page_item page-item-14130\"><a href=\"https:\/\/www.essbilbao.org\/es\/politica-de-redes-sociales\/\">Pol\u00edtica de redes sociales<\/a><\/li>\n<li class=\"page_item page-item-6558\"><a href=\"https:\/\/www.essbilbao.org\/es\/procurements-2019\/\">procurements 2019<\/a><\/li>\n<li class=\"page_item page-item-8485 page_item_has_children\"><a href=\"https:\/\/www.essbilbao.org\/es\/videos\/\">Videos y seminarios<\/a>\n<ul class='children'>\n\t<li class=\"page_item page-item-8487\"><a href=\"https:\/\/www.essbilbao.org\/es\/videos\/detail\/\">Detail<\/a><\/li>\n<\/ul>\n<\/li>\n<li class=\"page_item page-item-9527\"><a href=\"https:\/\/www.essbilbao.org\/es\/\">Inicio<\/a><\/li>\n<li class=\"page_item page-item-3839 page_item_has_children\"><a href=\"https:\/\/www.essbilbao.org\/es\/capacidades\/\">Capacidades<\/a>\n<ul class='children'>\n\t<li class=\"page_item page-item-3833\"><a href=\"https:\/\/www.essbilbao.org\/es\/capacidades\/proyectos-propios\/\">Proyectos propios<\/a><\/li>\n\t<li class=\"page_item page-item-3864\"><a href=\"https:\/\/www.essbilbao.org\/es\/capacidades\/laboratorios\/\">Laboratorios<\/a><\/li>\n\t<li class=\"page_item page-item-17488\"><a href=\"https:\/\/www.essbilbao.org\/es\/capacidades\/argitu-zero\/\">Argitu Zero<\/a><\/li>\n\t<li class=\"page_item page-item-3896\"><a href=\"https:\/\/www.essbilbao.org\/es\/capacidades\/soldadura-avanzada\/\">Fabricaci\u00f3n<\/a><\/li>\n<\/ul>\n<\/li>\n<li class=\"page_item page-item-3870\"><a href=\"https:\/\/www.essbilbao.org\/es\/colaboraciones-y-estrategia\/\">Colaboraciones y estrategia<\/a><\/li>\n<li class=\"page_item page-item-3779 page_item_has_children\"><a href=\"https:\/\/www.essbilbao.org\/es\/sobre-nosotros\/\">Sobre nosotros<\/a>\n<ul class='children'>\n\t<li class=\"page_item page-item-14352\"><a href=\"https:\/\/www.essbilbao.org\/es\/sobre-nosotros\/valores-corporativos\/\">Valores corporativos<\/a><\/li>\n\t<li class=\"page_item page-item-3902\"><a href=\"https:\/\/www.essbilbao.org\/es\/sobre-nosotros\/sugerencias\/\">Sugerencias<\/a><\/li>\n\t<li class=\"page_item page-item-3821\"><a href=\"https:\/\/www.essbilbao.org\/es\/sobre-nosotros\/mision-y-vision\/\">Misi\u00f3n y visi\u00f3n<\/a><\/li>\n\t<li class=\"page_item page-item-3798\"><a href=\"https:\/\/www.essbilbao.org\/es\/sobre-nosotros\/human-resources\/\">Human Resources<\/a><\/li>\n\t<li class=\"page_item page-item-3806\"><a href=\"https:\/\/www.essbilbao.org\/es\/sobre-nosotros\/infraestructuras\/\">Infraestructuras<\/a><\/li>\n\t<li class=\"page_item page-item-3778\"><a href=\"https:\/\/www.essbilbao.org\/es\/sobre-nosotros\/contacte-con-nosotros\/\">Contacte con nosotros<\/a><\/li>\n\t<li class=\"page_item page-item-3827\"><a href=\"https:\/\/www.essbilbao.org\/es\/sobre-nosotros\/transparencia\/\">Transparencia<\/a><\/li>\n\t<li class=\"page_item page-item-3814\"><a href=\"https:\/\/www.essbilbao.org\/es\/sobre-nosotros\/ofertas-de-empleo\/\">Ofertas de empleo<\/a><\/li>\n<\/ul>\n<\/li>\n<li class=\"page_item page-item-3930 page_item_has_children\"><a href=\"https:\/\/www.essbilbao.org\/es\/contribuciones-en-especie\/\">Contribuciones en especie<\/a>\n<ul class='children'>\n\t<li class=\"page_item page-item-10810\"><a href=\"https:\/\/www.essbilbao.org\/es\/contribuciones-en-especie\/miracles-instrument\/\">Miracles Instrument NUEVO<\/a><\/li>\n\t<li class=\"page_item page-item-3957\"><a href=\"https:\/\/www.essbilbao.org\/es\/contribuciones-en-especie\/instrument\/\">Miracles Instrument<\/a><\/li>\n\t<li class=\"page_item page-item-3920\"><a href=\"https:\/\/www.essbilbao.org\/es\/contribuciones-en-especie\/mebt\/\">MEBT<\/a><\/li>\n\t<li class=\"page_item page-item-3861\"><a href=\"https:\/\/www.essbilbao.org\/es\/contribuciones-en-especie\/sistemas-rf\/\">Sistemas RF<\/a><\/li>\n\t<li class=\"page_item page-item-3939\"><a href=\"https:\/\/www.essbilbao.org\/es\/contribuciones-en-especie\/blanco-target\/\">Blanco (Target)<\/a><\/li>\n<\/ul>\n<\/li>\n<li class=\"page_item page-item-3946 page_item_has_children\"><a href=\"https:\/\/www.essbilbao.org\/es\/sala-de-prensa\/\">Sala de prensa<\/a>\n<ul class='children'>\n\t<li class=\"page_item page-item-4068\"><a href=\"https:\/\/www.essbilbao.org\/es\/sala-de-prensa\/comunicados-de-prensa\/\">Comunicados de prensa<\/a><\/li>\n\t<li class=\"page_item page-item-9251 page_item_has_children\"><a href=\"https:\/\/www.essbilbao.org\/es\/sala-de-prensa\/newsletter\/\">Newsletter<\/a>\n\t<ul class='children'>\n\t\t<li class=\"page_item page-item-9483\"><a href=\"https:\/\/www.essbilbao.org\/es\/sala-de-prensa\/newsletter\/gracias\/\">Gracias por suscribirte<\/a><\/li>\n\t<\/ul>\n<\/li>\n\t<li class=\"page_item page-item-4064\"><a href=\"https:\/\/www.essbilbao.org\/es\/sala-de-prensa\/noticias\/\">Noticias<\/a><\/li>\n\t<li class=\"page_item page-item-4061\"><a href=\"https:\/\/www.essbilbao.org\/es\/sala-de-prensa\/en-los-medios\/\">En los medios<\/a><\/li>\n\t<li class=\"page_item page-item-4072\"><a href=\"https:\/\/www.essbilbao.org\/es\/sala-de-prensa\/publicaciones\/\">Publicaciones<\/a><\/li>\n<\/ul>\n<\/li>\n<li class=\"page_item page-item-3952\"><a href=\"https:\/\/www.essbilbao.org\/es\/politica-de-privacidad\/\">Pol\u00edtica de privacidad<\/a><\/li>\n<li class=\"page_item page-item-2673\"><a href=\"https:\/\/www.essbilbao.org\/es\/in-kind-contribution\/rf-systems\/distribution-system\/\">Distribution system<\/a><\/li>\n<li class=\"page_item page-item-2676\"><a href=\"https:\/\/www.essbilbao.org\/es\/in-kind-contribution\/rf-systems\/low-level-rf-system\/\">Low Level RF System<\/a><\/li>\n<li class=\"page_item page-item-2678\"><a href=\"https:\/\/www.essbilbao.org\/es\/in-kind-contribution\/rf-systems\/interlock\/\">Interlock<\/a><\/li>\n<li class=\"page_item page-item-553\"><a href=\"https:\/\/www.essbilbao.org\/es\/in-kind-contribution\/rf-systems\/amplifiers\/\">Amplifiers<\/a><\/li>\n<li class=\"page_item page-item-555\"><a href=\"https:\/\/www.essbilbao.org\/es\/in-kind-contribution\/rf-systems\/modulator\/\">Modulator<\/a><\/li>\n<li class=\"page_item page-item-584\"><a href=\"https:\/\/www.essbilbao.org\/es\/capabilities\/manufacturing-advanced-welding-facility\/mechanics\/\">Mechanics<\/a><\/li>\n<li class=\"page_item page-item-586\"><a href=\"https:\/\/www.essbilbao.org\/es\/capabilities\/manufacturing-advanced-welding-facility\/assembly\/\">Assembly<\/a><\/li>\n<li class=\"page_item page-item-588\"><a href=\"https:\/\/www.essbilbao.org\/es\/capabilities\/manufacturing-advanced-welding-facility\/advanced-welding\/\">Advanced welding<\/a><\/li>\n<li class=\"page_item page-item-594\"><a href=\"https:\/\/www.essbilbao.org\/es\/capabilities\/in-house-projects\/rfq\/\">RFQ<\/a><\/li>\n<li class=\"page_item page-item-597\"><a href=\"https:\/\/www.essbilbao.org\/es\/capabilities\/laboratories\/vacuum\/\">Vacuum<\/a><\/li>\n<li class=\"page_item page-item-600\"><a href=\"https:\/\/www.essbilbao.org\/es\/capabilities\/laboratories\/low-power-rf\/\">Low Power RF<\/a><\/li>\n<li class=\"page_item page-item-602\"><a href=\"https:\/\/www.essbilbao.org\/es\/capabilities\/laboratories\/detectors\/\">Detectors<\/a><\/li>\n<li class=\"page_item page-item-11805\"><a href=\"https:\/\/www.essbilbao.org\/es\/in-kind-contribution\/target\/pbw-port-block-vessel\/\">PBW-Port Block Vessel<\/a><\/li>\n<li class=\"page_item page-item-557\"><a href=\"https:\/\/www.essbilbao.org\/es\/in-kind-contribution\/target\/target-wheel\/\">Target Wheel<\/a><\/li>\n<li class=\"page_item page-item-559\"><a href=\"https:\/\/www.essbilbao.org\/es\/in-kind-contribution\/target\/proton-beam-instrumentation-plug\/\">Proton Beam Instrumentation plug<\/a><\/li>\n<li class=\"page_item page-item-561\"><a href=\"https:\/\/www.essbilbao.org\/es\/in-kind-contribution\/target\/proton-beam-window\/\">Proton Beam Window<\/a><\/li>\n<li class=\"page_item page-item-563\"><a href=\"https:\/\/www.essbilbao.org\/es\/in-kind-contribution\/target\/monolith-vessel\/\">Monolith Vessel<\/a><\/li>\n<li class=\"page_item page-item-565\"><a href=\"https:\/\/www.essbilbao.org\/es\/in-kind-contribution\/target\/tuning-beam-dump\/\">Tuning Beam dump<\/a><\/li>\n<\/ul>\n<\/div>\n","protected":false},"excerpt":{"rendered":"P\u00e1ginas Contrataciones Contrataciones previas al 31 de julio de 2018 Pol\u00edtica de cookies Pol\u00edtica de redes sociales procurements 2019 Videos y seminarios Detail Inicio Capacidades Proyectos<span class=\"excerpt-hellip\"> [\u2026]<\/span>","protected":false},"author":1,"featured_media":0,"parent":0,"menu_order":0,"comment_status":"closed","ping_status":"closed","template":"","meta":{"footnotes":""},"class_list":["post-4011","page","type-page","status-publish","hentry"],"_links":{"self":[{"href":"https:\/\/www.essbilbao.org\/es\/wp-json\/wp\/v2\/pages\/4011","targetHints":{"allow":["GET"]}}],"collection":[{"href":"https:\/\/www.essbilbao.org\/es\/wp-json\/wp\/v2\/pages"}],"about":[{"href":"https:\/\/www.essbilbao.org\/es\/wp-json\/wp\/v2\/types\/page"}],"author":[{"embeddable":true,"href":"https:\/\/www.essbilbao.org\/es\/wp-json\/wp\/v2\/users\/1"}],"replies":[{"embeddable":true,"href":"https:\/\/www.essbilbao.org\/es\/wp-json\/wp\/v2\/comments?post=4011"}],"version-history":[{"count":0,"href":"https:\/\/www.essbilbao.org\/es\/wp-json\/wp\/v2\/pages\/4011\/revisions"}],"wp:attachment":[{"href":"https:\/\/www.essbilbao.org\/es\/wp-json\/wp\/v2\/media?parent=4011"}],"curies":[{"name":"wp","href":"https:\/\/api.w.org\/{rel}","templated":true}]}}