{"id":4025,"date":"2018-06-15T13:11:13","date_gmt":"2018-06-15T11:11:13","guid":{"rendered":"https:\/\/www.essbilbao.org\/?page_id=4025"},"modified":"2024-07-02T10:15:10","modified_gmt":"2024-07-02T08:15:10","slug":"contrataciones","status":"publish","type":"page","link":"https:\/\/www.essbilbao.org\/es\/contrataciones\/","title":{"rendered":"Contrataciones"},"content":{"rendered":"<div class=\"wpb-content-wrapper\"><p>[vc_row full_width=\u00bbstretch_row\u00bb content_placement=\u00bbmiddle\u00bb parallax=\u00bbcontent-moving\u00bb css_animation=\u00bbfadeIn\u00bb css=\u00bb.vc_custom_1528279765751{background-color: rgba(255,255,255,0.21) !important;*background-color: rgb(255,255,255) !important;}\u00bb][vc_column]<div class=\"fancy_heading fancy_heading_line\"><div class=\"fh-top\"><\/div><h1 class=\"title \">Contrataciones<\/h1><\/div>\n[\/vc_column][\/vc_row][vc_row][vc_column][vc_column_text]El Consorcio <strong>ESS Bilbao<\/strong> se ha incorporado a la Plataforma de Contrataci\u00f3n del Sector P\u00fablico. Esta es una plataforma electr\u00f3nica que permite que las ofertas de licitaci\u00f3n y sus resultados se publiquen en Internet al mismo tiempo que ofrecen servicios adicionales relacionados con los contratos en curso:<\/p>\n<ul>\n<li class=\"v1MsoNormal\"><a href=\"https:\/\/contrataciondelestado.es\/wps\/portal\/!ut\/p\/b0\/04_Sj9CPykssy0xPLMnMz0vMAfIjU1JTC3Iy87KtClKL0jJznPPzSooSSxLzSlL1w_Wj9KMyU5wK9CNTIwM88rOzc1IzTAK9jUJc0yLcK7UdbW31C3JzHQHzHsds\/\" target=\"_blank\" rel=\"noopener noreferrer\">Direcci\u00f3n Ejecutiva del Consorcio ESS Bilbao<\/a><\/li>\n<li class=\"v1MsoNormal\"><a href=\"https:\/\/contrataciondelestado.es\/wps\/portal\/!ut\/p\/b0\/04_Sj9CPykssy0xPLMnMz0vMAfIjU1JTC3Iy87KtClKL0jJznPPzSooSSxLzSlL1w_Wj9KMyU5wK9CN9ywyrgvIt0wICswO9jUJc0yLcK7UdbW31C3JzHQHEw4qo\/\" target=\"_blank\" rel=\"noopener noreferrer\">Comisi\u00f3n Ejecutiva del Consorcio ESS Bilbao<\/a><\/li>\n<\/ul>\n<p>[\/vc_column_text][vc_column_text]<\/p>\n<ul>\n<li>Consejo Rector del Consorcio ESS Bilbao\u00a0<a href=\"https:\/\/contrataciondelestado.es\/wps\/poc?uri=deeplink%3AperfilContratante&amp;idBp=DQXoBaOV6Xk%3D\">(leer m\u00e1s)<\/a><\/li>\n<li>Direcci\u00f3n Ejecutiva del Consorcio ESS Bilbao\u00a0<a href=\"https:\/\/contrataciondelestado.es\/wps\/poc?uri=deeplink%3AperfilContratante&amp;idBp=eYPHokkleh4QK2TEfXGy%2BA%3D%3D\">(leer m\u00e1s)<\/a><\/li>\n<li>Comisi\u00f3n Ejecutiva del Consorcio ESS Bilbao\u00a0<a href=\"https:\/\/contrataciondelestado.es\/wps\/poc?uri=deeplink%3AperfilContratante&amp;idBp=Mv1zRo9fPQkQK2TEfXGy%2BA%3D%3D\">(leer m\u00e1s)<\/a><\/li>\n<\/ul>\n<p>[\/vc_column_text][\/vc_column][\/vc_row][vc_row][vc_column width=\u00bb1\/2&#8243;]<div class=\" cq-flipbox-container cq-bottomtop\" data-frontbg=\"#656D78\" data-backbg=\"#434A54\" data-fontcolor=\"\" data-face1=\"cq-flipbox-left\" data-face2=\"cq-flipbox-right\" data-flipdirection=\"bottomtop\" data-elementheight=\"\" data-avatarsize=\"80\" data-frontcontentcolor=\"#ffffff\" data-backcontentcolor=\"#ffffff\" data-titlesize=\"\" data-contentsize=\"\" data-contentwidth=\"\" data-iconcolor=\"#ffffff\" data-iconbg=\"#ffffff\" data-elementmargin=\"\" data-elementwidth=\"\" data-cardborder=\"\" data-cardbordersize=\"\" data-bordercolor=\"#999\" data-backbuttonbg=\"#ffffff\" data-backbuttonhoverbg=\"\" data-contentmargintop=\"\" data-cardshape=\"\" data-frontfullimage=\"https:\/\/www.essbilbao.org\/wp-content\/uploads\/2018\/09\/fondo-generico-largo.gif\" data-avatartype=\"image\" data-backfullimage=\"https:\/\/www.essbilbao.org\/wp-content\/uploads\/2018\/06\/fondo-generico.gif\" data-backavatar=\"none\"><a href=\"https:\/\/contrataciondelestado.es\/wps\/poc?uri=deeplink%3AperfilContratante&idBp=Mv1zRo9fPQkQK2TEfXGy%2BA%3D%3D\" title=\"+ info\" target=\"_blank\" class=\"cq-flipbox-link\"><img loading=\"lazy\" decoding=\"async\" src=\"https:\/\/www.essbilbao.org\/wp-content\/uploads\/2018\/06\/vacancy.png\" width=\"80\" height=\"80\" class=\"cq-flipbox-avatar \" alt=\"\" \/><div class=\"cq-flipbox-flipper\"><div class=\"cq-flipbox-item cq-flipbox-left\" onclick=\"\"><div class=\"cq-flipbox-content\"><h4 class=\"cq-flipbox-title\">Comisi\u00f3n ejecutiva<\/h4><\/div><\/div><div class=\"cq-flipbox-item cq-flipbox-right\" onclick=\"\"><div class=\"cq-flipbox-content\"><h4 class=\"cq-flipbox-title\">Comisi\u00f3n ejecutiva<\/h4><\/div><\/div><\/div><\/a><\/div>[\/vc_column][vc_column width=\u00bb1\/2&#8243;]<div class=\" cq-flipbox-container cq-bottomtop\" data-frontbg=\"#656D78\" data-backbg=\"#434A54\" data-fontcolor=\"\" data-face1=\"cq-flipbox-left\" data-face2=\"cq-flipbox-right\" data-flipdirection=\"bottomtop\" data-elementheight=\"\" data-avatarsize=\"80\" data-frontcontentcolor=\"#ffffff\" data-backcontentcolor=\"\" data-titlesize=\"\" data-contentsize=\"\" data-contentwidth=\"\" data-iconcolor=\"#ffffff\" data-iconbg=\"#ffffff\" data-elementmargin=\"\" data-elementwidth=\"\" data-cardborder=\"\" data-cardbordersize=\"\" data-bordercolor=\"#999\" data-backbuttonbg=\"\" data-backbuttonhoverbg=\"\" data-contentmargintop=\"\" data-cardshape=\"\" data-frontfullimage=\"https:\/\/www.essbilbao.org\/wp-content\/uploads\/2018\/09\/fondo-generico-largo.gif\" data-avatartype=\"image\" data-backfullimage=\"https:\/\/www.essbilbao.org\/wp-content\/uploads\/2018\/06\/fondo-generico.gif\" data-backavatar=\"none\"><a href=\"https:\/\/contrataciondelestado.es\/wps\/poc?uri=deeplink%3AperfilContratante&idBp=eYPHokkleh4QK2TEfXGy%2BA%3D%3D\" title=\"+ info\" target=\"_blank\" class=\"cq-flipbox-link\"><img loading=\"lazy\" decoding=\"async\" src=\"https:\/\/www.essbilbao.org\/wp-content\/uploads\/2018\/09\/e-Commision.png\" width=\"80\" height=\"80\" class=\"cq-flipbox-avatar \" alt=\"\" \/><div class=\"cq-flipbox-flipper\"><div class=\"cq-flipbox-item cq-flipbox-left\" onclick=\"\"><div class=\"cq-flipbox-content\"><h4 class=\"cq-flipbox-title\">Direcci\u00f3n ejecutiva<\/h4><\/div><\/div><div class=\"cq-flipbox-item cq-flipbox-right\" onclick=\"\"><div class=\"cq-flipbox-content\"><h4 class=\"cq-flipbox-title\">Direcci\u00f3n ejecutiva<\/h4><\/div><\/div><\/div><\/a><\/div>[\/vc_column][\/vc_row][vc_row][vc_column]<div class=\" cq-flipbox-container cq-bottomtop\" data-frontbg=\"#656D78\" data-backbg=\"#434A54\" data-fontcolor=\"\" data-face1=\"cq-flipbox-left\" data-face2=\"cq-flipbox-right\" data-flipdirection=\"bottomtop\" data-elementheight=\"135\" data-avatarsize=\"80\" data-frontcontentcolor=\"#ffffff\" data-backcontentcolor=\"\" data-titlesize=\"\" data-contentsize=\"\" data-contentwidth=\"\" data-iconcolor=\"#ffffff\" data-iconbg=\"#ffffff\" data-elementmargin=\"\" data-elementwidth=\"\" data-cardborder=\"\" data-cardbordersize=\"\" data-bordercolor=\"#999\" data-backbuttonbg=\"\" data-backbuttonhoverbg=\"\" data-contentmargintop=\"\" data-cardshape=\"\" data-frontfullimage=\"https:\/\/www.essbilbao.org\/wp-content\/uploads\/2018\/06\/fondo-footer.gif\" data-avatartype=\"image\" data-backfullimage=\"\" data-backavatar=\"none\"><a href=\"https:\/\/www.essbilbao.org\/es\/contrataciones\/contrataciones-previas-al-31-de-julio-de-2018\/\" title=\"\" target=\"\" class=\"cq-flipbox-link\"><img loading=\"lazy\" decoding=\"async\" src=\"https:\/\/www.essbilbao.org\/wp-content\/uploads\/2018\/07\/buen-gobierno.png\" width=\"80\" height=\"80\" class=\"cq-flipbox-avatar \" alt=\"\" \/><div class=\"cq-flipbox-flipper\"><div class=\"cq-flipbox-item cq-flipbox-left\" onclick=\"\"><div class=\"cq-flipbox-content\"><h4 class=\"cq-flipbox-title\">Contrataciones<\/h4>previas al 31 de julio de 2018<\/div><\/div><div class=\"cq-flipbox-item cq-flipbox-right\" onclick=\"\"><div class=\"cq-flipbox-content\"><h4 class=\"cq-flipbox-title\">Contrataciones<\/h4><\/div><\/div><\/div><\/a><\/div>[\/vc_column][\/vc_row]<\/p>\n<\/div>","protected":false},"excerpt":{"rendered":"<p>[vc_row full_width=\u00bbstretch_row\u00bb content_placement=\u00bbmiddle\u00bb parallax=\u00bbcontent-moving\u00bb css_animation=\u00bbfadeIn\u00bb css=\u00bb.vc_custom_1528279765751{background-color: rgba(255,255,255,0.21) !important;*background-color: rgb(255,255,255) !important;}\u00bb][vc_column][\/vc_column][\/vc_row][vc_row][vc_column][vc_column_text]El Consorcio ESS Bilbao se ha incorporado a la Plataforma de Contrataci\u00f3n del Sector P\u00fablico. Esta es<span class=\"excerpt-hellip\"> [\u2026]<\/span><\/p>\n","protected":false},"author":1,"featured_media":0,"parent":0,"menu_order":0,"comment_status":"closed","ping_status":"closed","template":"","meta":{"footnotes":""},"class_list":["post-4025","page","type-page","status-publish","hentry"],"_links":{"self":[{"href":"https:\/\/www.essbilbao.org\/es\/wp-json\/wp\/v2\/pages\/4025","targetHints":{"allow":["GET"]}}],"collection":[{"href":"https:\/\/www.essbilbao.org\/es\/wp-json\/wp\/v2\/pages"}],"about":[{"href":"https:\/\/www.essbilbao.org\/es\/wp-json\/wp\/v2\/types\/page"}],"author":[{"embeddable":true,"href":"https:\/\/www.essbilbao.org\/es\/wp-json\/wp\/v2\/users\/1"}],"replies":[{"embeddable":true,"href":"https:\/\/www.essbilbao.org\/es\/wp-json\/wp\/v2\/comments?post=4025"}],"version-history":[{"count":1,"href":"https:\/\/www.essbilbao.org\/es\/wp-json\/wp\/v2\/pages\/4025\/revisions"}],"predecessor-version":[{"id":15913,"href":"https:\/\/www.essbilbao.org\/es\/wp-json\/wp\/v2\/pages\/4025\/revisions\/15913"}],"wp:attachment":[{"href":"https:\/\/www.essbilbao.org\/es\/wp-json\/wp\/v2\/media?parent=4025"}],"curies":[{"name":"wp","href":"https:\/\/api.w.org\/{rel}","templated":true}]}}