{"id":4030,"date":"2018-09-11T17:10:31","date_gmt":"2018-09-11T15:10:31","guid":{"rendered":"https:\/\/www.essbilbao.org\/?page_id=4030"},"modified":"2018-10-17T08:28:24","modified_gmt":"2018-10-17T06:28:24","slug":"contrataciones-previas-al-31-de-julio-de-2018","status":"publish","type":"page","link":"https:\/\/www.essbilbao.org\/es\/contrataciones\/contrataciones-previas-al-31-de-julio-de-2018\/","title":{"rendered":"Contrataciones previas al 31 de julio de 2018"},"content":{"rendered":"<div class=\"wpb-content-wrapper\"><p>[vc_row full_width=\u00bbstretch_row\u00bb content_placement=\u00bbmiddle\u00bb parallax=\u00bbcontent-moving\u00bb css_animation=\u00bbfadeIn\u00bb css=\u00bb.vc_custom_1528279765751{background-color: rgba(255,255,255,0.21) !important;*background-color: rgb(255,255,255) !important;}\u00bb][vc_column]<div class=\"fancy_heading fancy_heading_line\"><div class=\"fh-top\"><\/div><h1 class=\"title \">Contrataciones previas al 31 de julio de 2018<\/h1><\/div>\n[\/vc_column][\/vc_row][vc_row full_width=\u00bbstretch_row\u00bb content_placement=\u00bbmiddle\u00bb parallax=\u00bbcontent-moving\u00bb css_animation=\u00bbfadeIn\u00bb css=\u00bb.vc_custom_1528279765751{background-color: rgba(255,255,255,0.21) !important;*background-color: rgb(255,255,255) !important;}\u00bb][vc_column]<div class=\"cq-material-card\" data-bordercolor=\"\" data-colorstyle=\"#AAB2BD\" data-isripple=\"\" data-titlecolor=\"\" data-contentcolor=\"\" data-cardwidth=\"\" data-titlemargin=\"\"><div class=\"material-card-content\"><h3 class=\"material-card-title\">Expediente: 188\/17 | Estado: Formalizaci\u00f3n<\/h3><p class=\"material-card-summary\">Arrendamiento de nave en Zamudio<\/p>\n<ul class=\"documentos\">\n<li><a class=\"doclink\" href=\"https:\/\/web.essbilbao.org\/index.php\/en\/component\/docman\/doc_download\/719-anuncio-fo-lizacion-188-17\"><img decoding=\"async\" src=\"https:\/\/www.essbilbao.org\/wp-content\/uploads\/2018\/09\/pdf.png\" alt=\"icon\" border=\"0\" \/>\u00a0Anuncio formalizaci\u00f3n 188\/17<\/a><\/li>\n<\/ul>\n<p><\/p><\/div><\/div><div class=\"cq-material-card\" data-bordercolor=\"\" data-colorstyle=\"#AAB2BD\" data-isripple=\"\" data-titlecolor=\"\" data-contentcolor=\"\" data-cardwidth=\"\" data-titlemargin=\"\"><div class=\"material-card-content\"><h3 class=\"material-card-title\">Expediente: 001\/16 | Estado: En curso<\/h3><p class=\"material-card-summary\">Subasta p\u00fablica al alza de Torno de Control Num\u00e9rico (CNC)<\/p>\n<ul class=\"documentos\">\n<li><a class=\"doclink\" href=\"https:\/\/web.essbilbao.org\/index.php\/en\/component\/docman\/doc_download\/612-00116-pliego-de-condiciones-de-la-subasta-publica-al-alza\"><img decoding=\"async\" src=\"https:\/\/www.essbilbao.org\/wp-content\/uploads\/2018\/09\/pdf.png\" alt=\"icon\" border=\"0\" \/>\u00a0Pliego de condiciones<\/a><\/li>\n<li><a class=\"doclink\" href=\"https:\/\/web.essbilbao.org\/index.php\/en\/component\/docman\/doc_download\/628-anuncio-boe-cnc\"><img decoding=\"async\" src=\"https:\/\/www.essbilbao.org\/wp-content\/uploads\/2018\/09\/pdf.png\" alt=\"icon\" border=\"0\" \/>\u00a0Anuncio BOE<\/a><\/li>\n<li><a class=\"doclink\" href=\"https:\/\/web.essbilbao.org\/index.php\/en\/component\/docman\/doc_download\/629-anuncio-bopv-cnc\"><img decoding=\"async\" src=\"https:\/\/www.essbilbao.org\/wp-content\/uploads\/2018\/09\/pdf.png\" alt=\"icon\" border=\"0\" \/>\u00a0Anuncio BOPV<\/a><\/li>\n<\/ul>\n<p>Fecha l\u00edmite de presentaci\u00f3n de ofertas en SOBRE CERRADO: Hasta las 24.00 horas del 08 de Octubre de 2016. &#8211; Importe de los anuncios que deber\u00e1 ser asumido por el adquirente: Doscientos setenta y dos euros con ochenta y tres c\u00e9ntimos (272,83\u20ac).A esa cantidad deber\u00e1 sumarse el importe derivado de publicitar los anuncios de formalizaci\u00f3n.<\/p>\n<ul class=\"documentos\">\n<li><a class=\"doclink\" href=\"https:\/\/web.essbilbao.org\/index.php\/en\/component\/docman\/doc_download\/680-resolucion-desierta-primera-subasta-ce\"><img decoding=\"async\" src=\"https:\/\/www.essbilbao.org\/wp-content\/uploads\/2018\/09\/pdf.png\" alt=\"icon\" border=\"0\" \/>\u00a0Resoluci\u00f3n desierta primera subasta CE<\/a><\/li>\n<\/ul>\n<p><strong>1\u00aa, 2\u00aa y 3\u00aa subastas sucesivas del torno<\/strong><\/p>\n<ul class=\"documentos\">\n<li><a class=\"doclink\" href=\"https:\/\/web.essbilbao.org\/index.php\/en\/component\/docman\/doc_download\/681-anuncio-boe-subastas-sucesivas\"><img decoding=\"async\" src=\"https:\/\/www.essbilbao.org\/wp-content\/uploads\/2018\/09\/pdf.png\" alt=\"icon\" border=\"0\" \/>\u00a0Anuncio BOE<\/a><\/li>\n<\/ul>\n<p>Fecha l\u00edmite de presentaci\u00f3n de ofertas en sobre cerrado: jueves, 11 de mayo de 2017, a las 14.00 horas.Fecha para apertura de ofertas econ\u00f3micas: Pendiente por determinar. Se har\u00e1 p\u00fablica con al menos una semana de antelaci\u00f3n a la citada fecha.<\/p>\n<ul class=\"documentos\">\n<li>Documentaci\u00f3n a presentar: Ver\u00a0<a class=\"doclink\" href=\"https:\/\/web.essbilbao.org\/index.php\/en\/component\/docman\/doc_download\/612-00116-pliego-de-condiciones-de-la-subasta-publica-al-alza\">Pliego de condiciones<\/a>.<\/li>\n<li>Importe subastas sucesivas (IVA no incluido):<\/li>\n<li>Primera subasta: 16.150 euros.<\/li>\n<li>Segunda subasta: 13.727,5 euros.<\/li>\n<li>Tercera subasta: 11.668,375 euros.<\/li>\n<\/ul>\n<p>&#8211; Fianza provisional: 20% del precio tipo de la subasta a la que se concurra.<\/p>\n<p>&#8211; Los gastos de publicaci\u00f3n de todos los anuncios en el BOE y BOPV ser\u00e1n por cuenta del adjudicatario.<\/p>\n<p><small><\/small><strong>Acto p\u00fablico de celebraci\u00f3n de las subastas sucesivas: Viernes, 26 de mayo de 2017, a las 10.00 horas.<\/strong><\/p>\n<ul class=\"documentos\">\n<li><strong><a class=\"doclink\" href=\"https:\/\/web.essbilbao.org\/index.php\/en\/component\/docman\/doc_download\/690-resolucion-desierta-venta-directa-torno\"><img decoding=\"async\" src=\"https:\/\/www.essbilbao.org\/wp-content\/uploads\/2018\/09\/pdf.png\" alt=\"icon\" border=\"0\" \/>\u00a0Resolucion desierta venta directa TORNO<\/a><\/strong><\/li>\n<\/ul>\n<p><\/p><\/div><\/div><div class=\"cq-material-card\" data-bordercolor=\"\" data-colorstyle=\"#AAB2BD\" data-isripple=\"\" data-titlecolor=\"\" data-contentcolor=\"\" data-cardwidth=\"\" data-titlemargin=\"\"><div class=\"material-card-content\"><h3 class=\"material-card-title\">Expediente: 164\/16 | Estado: La mesa de contrataci\u00f3n esta analizando la documentaci\u00f3n presentada<\/h3><p class=\"material-card-summary\">Suministro de 3 moduladores de klystron pulsados basados en la topolog\u00eda apilada multinivel para el RFQ y el DTL del acelerador de ESS<\/p>\n<p><strong>Anuncio de licitaci\u00f3n:<\/strong><\/p>\n<p><a href=\"https:\/\/contrataciondelestado.es\/wps\/wcm\/connect\/478759ca-dec1-4394-829c-097a82548e49\/DOC_CN2017-000040.pdf?MOD=AJPERES\">https:\/\/contrataciondelestado.es\/wps\/wcm\/connect\/478759ca-dec1-4394-829c-097a82548e49\/DOC_CN2017-000040.pdf?MOD=AJPERES<\/a><\/p>\n<p><strong>Pliegos y documentaci\u00f3n anexa:<\/strong><\/p>\n<p><a href=\"https:\/\/contrataciondelestado.es\/wps\/wcm\/connect\/86dbcb84-5e2b-41f8-96bd-dd42dd6643c2\/DOC_CD2017-002406.pdf?MOD=AJPERES\">https:\/\/contrataciondelestado.es\/wps\/wcm\/connect\/86dbcb84-5e2b-41f8-96bd-dd42dd6643c2\/DOC_CD2017-002406.pdf?MOD=AJPERES<\/a><\/p><\/div><\/div><div class=\"cq-material-card\" data-bordercolor=\"\" data-colorstyle=\"#AAB2BD\" data-isripple=\"\" data-titlecolor=\"\" data-contentcolor=\"\" data-cardwidth=\"\" data-titlemargin=\"\"><div class=\"material-card-content\"><h3 class=\"material-card-title\">Expediente: 245\/16 | Estado: La mesa de contrataci\u00f3n esta analizando la documentaci\u00f3n presentada<\/h3><p class=\"material-card-summary\">Dise\u00f1o de detalle y fabricaci\u00f3n de la DRIVE UNIT<\/p>\n<p><strong>Anuncio de licitaci\u00f3n:<\/strong><\/p>\n<p><a href=\"https:\/\/contrataciondelestado.es\/wps\/wcm\/connect\/2dea7f1c-c226-4e49-ab4b-a744849f1ab0\/DOC_CN2017-000020.pdf?MOD=AJPERES\">https:\/\/contrataciondelestado.es\/wps\/wcm\/connect\/2dea7f1c-c226-4e49-ab4b-a744849f1ab0\/DOC_CN2017-000020.pdf?MOD=AJPERES<\/a><\/p>\n<p><strong>Pliegos:<\/strong><\/p>\n<p><a href=\"https:\/\/contrataciondelestado.es\/wps\/wcm\/connect\/03ffa451-594b-46c2-8e6b-6acbb7afc5bb\/DOC_CD2017-002383.pdf?MOD=AJPERES\">https:\/\/contrataciondelestado.es\/wps\/wcm\/connect\/03ffa451-594b-46c2-8e6b-6acbb7afc5bb\/DOC_CD2017-002383.pdf?MOD=AJPERES<\/a><\/p><\/div><\/div>[\/vc_column][\/vc_row][vc_row full_width=\u00bbstretch_row\u00bb content_placement=\u00bbmiddle\u00bb parallax=\u00bbcontent-moving\u00bb css_animation=\u00bbfadeIn\u00bb css=\u00bb.vc_custom_1528279765751{background-color: rgba(255,255,255,0.21) !important;*background-color: rgb(255,255,255) !important;}\u00bb][vc_column][vc_text_separator title=\u00bbLicitaciones adjudicadas\u00bb i_icon_fontawesome=\u00bbfa fa-plus\u00bb i_color=\u00bbcustom\u00bb title_align=\u00bbseparator_align_left\u00bb align=\u00bbalign_left\u00bb color=\u00bbcustom\u00bb add_icon=\u00bbtrue\u00bb i_custom_color=\u00bb#d22630&#8243; accent_color=\u00bb#ffffff\u00bb]<div class=\"cq-material-card\" data-bordercolor=\"\" data-colorstyle=\"#AAB2BD\" data-isripple=\"\" data-titlecolor=\"\" data-contentcolor=\"\" data-cardwidth=\"\" data-titlemargin=\"\"><div class=\"material-card-content\"><h3 class=\"material-card-title\">Expediente: 162\/16 | Estado: Formalizaci\u00f3n<\/h3><p class=\"material-card-summary\"><\/p>\n<ul class=\"documentos\">\n<li style=\"list-style-type: none;\">Fabricaci\u00f3n de las cassettes del TARGET\n<ul class=\"documentos\">\n<li><a class=\"doclink\" href=\"https:\/\/web.essbilbao.org\/index.php\/en\/component\/docman\/doc_download\/631-resolucion-adjudicacion-expediente-162-16-fabricacion-de-las-cassettes-del-target\"><img decoding=\"async\" src=\"https:\/\/www.essbilbao.org\/wp-content\/uploads\/2018\/09\/pdf.png\" alt=\"icon\" border=\"0\" \/>\u00a0Resoluci\u00f3n adjudicaci\u00f3n (2016-09-22 12:00)<\/a><\/li>\n<li><a class=\"doclink\" href=\"https:\/\/web.essbilbao.org\/index.php\/en\/component\/docman\/doc_download\/661-anuncio-formalizacion-162-16\"><img decoding=\"async\" src=\"https:\/\/www.essbilbao.org\/wp-content\/uploads\/2018\/09\/pdf.png\" alt=\"icon\" border=\"0\" \/>\u00a0Anuncio formalizaci\u00f3n (2016-10-11 12:00)<\/a><\/li>\n<\/ul>\n<\/li>\n<\/ul>\n<p><\/p><\/div><\/div><div class=\"cq-material-card\" data-bordercolor=\"\" data-colorstyle=\"#AAB2BD\" data-isripple=\"\" data-titlecolor=\"\" data-contentcolor=\"\" data-cardwidth=\"\" data-titlemargin=\"\"><div class=\"material-card-content\"><h3 class=\"material-card-title\">Expediente: 116\/16 | Estado: Formalizaci\u00f3n<\/h3><p class=\"material-card-summary\"><\/p>\n<ul class=\"documentos\">\n<li style=\"list-style-type: none;\">Fabricaci\u00f3n de tres (3) cavidades resonantes Buncher para el MEBT\n<ul class=\"documentos\">\n<li><a class=\"doclink\" href=\"https:\/\/web.essbilbao.org\/index.php\/en\/component\/docman\/doc_download\/607-resolucion-adjudicacion-116-16\"><img decoding=\"async\" src=\"https:\/\/www.essbilbao.org\/wp-content\/uploads\/2018\/09\/pdf.png\" alt=\"icon\" border=\"0\" \/>\u00a0Resoluci\u00f3n adjudicaci\u00f3n (2016-08-23 12:00)<\/a><\/li>\n<li><a class=\"doclink\" href=\"https:\/\/web.essbilbao.org\/index.php\/en\/component\/docman\/doc_download\/609-anuncio-formalizacion-116-16\"><img decoding=\"async\" src=\"https:\/\/www.essbilbao.org\/wp-content\/uploads\/2018\/09\/pdf.png\" alt=\" border=\" \/>\u00a0Anuncio formalizaci\u00f3n (2016-09-01 12:00)<\/a><\/li>\n<\/ul>\n<\/li>\n<\/ul>\n<p><\/p><\/div><\/div><div class=\"cq-material-card\" data-bordercolor=\"\" data-colorstyle=\"#AAB2BD\" data-isripple=\"\" data-titlecolor=\"\" data-contentcolor=\"\" data-cardwidth=\"\" data-titlemargin=\"\"><div class=\"material-card-content\"><h3 class=\"material-card-title\">Expediente: 122\/16 | Estado: Formalizaci\u00f3n<\/h3><p class=\"material-card-summary\"><\/p>\n<ul class=\"documentos\">\n<li style=\"list-style-type: none;\">Arrendamiento de una nave en el Pol\u00edgono Industrial de Bizkaia\n<ul class=\"documentos\">\n<li><a class=\"doclink\" href=\"https:\/\/web.essbilbao.org\/index.php\/en\/component\/docman\/doc_download\/588-resolucion-adjudicacion-122-16\"><img decoding=\"async\" src=\"https:\/\/www.essbilbao.org\/wp-content\/uploads\/2018\/09\/pdf.png\" alt=\"icon\" border=\"0\" \/>\u00a0Resoluci\u00f3n adjudicaci\u00f3n (2016-06-13 12:00)<\/a><\/li>\n<li><a class=\"doclink\" href=\"https:\/\/web.essbilbao.org\/index.php\/en\/component\/docman\/doc_download\/595-anuncio-fo-lizacion-122-16\"><img decoding=\"async\" src=\"https:\/\/www.essbilbao.org\/wp-content\/uploads\/2018\/09\/pdf.png\" alt=\"icon\" border=\"0\" \/>\u00a0Anuncio formalizaci\u00f3n (2016-06-17 12:00)<\/a><\/li>\n<\/ul>\n<\/li>\n<\/ul>\n<p><\/p><\/div><\/div><div class=\"cq-material-card\" data-bordercolor=\"\" data-colorstyle=\"#AAB2BD\" data-isripple=\"\" data-titlecolor=\"\" data-contentcolor=\"\" data-cardwidth=\"\" data-titlemargin=\"\"><div class=\"material-card-content\"><h3 class=\"material-card-title\">Expediente: 351\/15 | Estado: Formalizaci\u00f3n<\/h3><p class=\"material-card-summary\"><\/p>\n<ul class=\"documentos\">\n<li style=\"list-style-type: none;\">Control de calidad de los suministradores de Wolframio\n<ul class=\"documentos\">\n<li><a class=\"doclink\" href=\"https:\/\/web.essbilbao.org\/index.php\/en\/component\/docman\/doc_download\/543-anuncio-formalizacion-351-15\"><img decoding=\"async\" src=\"https:\/\/www.essbilbao.org\/wp-content\/uploads\/2018\/09\/pdf.png\" alt=\"icon\" border=\"0\" \/>\u00a0Anuncio Formalizaci\u00f3n (2016-02-24 12:00)<\/a><\/li>\n<li><a class=\"doclink\" href=\"https:\/\/web.essbilbao.org\/index.php\/en\/component\/docman\/doc_download\/544-resolucion-de-adjudicacion-351-15\"><img decoding=\"async\" src=\"https:\/\/www.essbilbao.org\/wp-content\/uploads\/2018\/09\/pdf.png\" alt=\"icon\" border=\"0\" \/>\u00a0Resoluci\u00f3n de adjudicaci\u00f3n (2016-02-24 12:00)<\/a><\/li>\n<\/ul>\n<\/li>\n<\/ul>\n<p><\/p><\/div><\/div><div class=\"cq-material-card\" data-bordercolor=\"\" data-colorstyle=\"#AAB2BD\" data-isripple=\"\" data-titlecolor=\"\" data-contentcolor=\"\" data-cardwidth=\"\" data-titlemargin=\"\"><div class=\"material-card-content\"><h3 class=\"material-card-title\">Expediente: 337\/15 | Estado: Formalizaci\u00f3n<\/h3><p class=\"material-card-summary\"><\/p>\n<ul class=\"documentos\">\n<li style=\"list-style-type: none;\">Adquisici\u00f3n de un detector de neutrones t\u00e9rmicos multipixel basado en material centelleador con sistema de adquisici\u00f3n de datos\n<ul class=\"documentos\">\n<li><a class=\"doclink\" href=\"https:\/\/web.essbilbao.org\/index.php\/en\/component\/docman\/doc_download\/540-anuncio-formalizacion-337-15\"><img decoding=\"async\" src=\"https:\/\/www.essbilbao.org\/wp-content\/uploads\/2018\/09\/pdf.png\" alt=\"icon\" border=\"0\" \/>\u00a0Anuncio Formalizaci\u00f3n (2016-02-16 12:00)<\/a><\/li>\n<li><a class=\"doclink\" href=\"https:\/\/web.essbilbao.org\/index.php\/en\/component\/docman\/doc_download\/541-resolucion-adjudicacion-337-15\"><img decoding=\"async\" src=\"https:\/\/www.essbilbao.org\/wp-content\/uploads\/2018\/09\/pdf.png\" alt=\"icon\" border=\"0\" \/>\u00a0Resoluci\u00f3n Adjudicaci\u00f3n (2016-02-16 12:00)<\/a><\/li>\n<\/ul>\n<\/li>\n<\/ul>\n<p><\/p><\/div><\/div><div class=\"cq-material-card\" data-bordercolor=\"\" data-colorstyle=\"#AAB2BD\" data-isripple=\"\" data-titlecolor=\"\" data-contentcolor=\"\" data-cardwidth=\"\" data-titlemargin=\"\"><div class=\"material-card-content\"><h3 class=\"material-card-title\">Expediente: 294\/15 | Estado: Formalizaci\u00f3n<\/h3><p class=\"material-card-summary\">Adecuaci\u00f3n y puesta en marcha de Fuente de Alta Tensi\u00f3n en SNS-OAK Ridge<\/p>\n<ul class=\"documentos\">\n<li><a class=\"doclink\" href=\"https:\/\/web.essbilbao.org\/index.php\/en\/component\/docman\/doc_download\/538-anuncio-formalizacion-294-15\"><img decoding=\"async\" src=\"https:\/\/www.essbilbao.org\/wp-content\/uploads\/2018\/09\/pdf.png\" alt=\"icon\" border=\"0\" \/>\u00a0Anuncio Formalizaci\u00f3n (2016-02-04 12:00)<\/a><\/li>\n<li><a class=\"doclink\" href=\"https:\/\/web.essbilbao.org\/index.php\/en\/component\/docman\/doc_download\/539-resolucion-adjudiacion-294-15\"><img decoding=\"async\" src=\"https:\/\/www.essbilbao.org\/wp-content\/uploads\/2018\/09\/pdf.png\" alt=\"icon\" border=\"0\" \/>\u00a0Resoluci\u00f3n adjudicaci\u00f3n (2016-02-04 12:00)<\/a><\/li>\n<\/ul>\n<p><\/p><\/div><\/div><div class=\"cq-material-card\" data-bordercolor=\"\" data-colorstyle=\"#AAB2BD\" data-isripple=\"\" data-titlecolor=\"\" data-contentcolor=\"\" data-cardwidth=\"\" data-titlemargin=\"\"><div class=\"material-card-content\"><h3 class=\"material-card-title\">Expediente: 275\/15 | Estado: Formalizaci\u00f3n<\/h3><p class=\"material-card-summary\">Arrendamiento de dos naves en el Poligono Industrial de Bizkaia<\/p>\n<ul class=\"documentos\">\n<li><a class=\"doclink\" href=\"https:\/\/web.essbilbao.org\/index.php\/en\/component\/docman\/doc_download\/523-anuncio-formalizacion-275-15\"><img decoding=\"async\" src=\"https:\/\/www.essbilbao.org\/wp-content\/uploads\/2018\/09\/pdf.png\" alt=\"icon\" border=\"0\" \/>\u00a0Anuncio formalizaci\u00f3n ( 2016-01-12 12:00)<\/a><\/li>\n<li><a class=\"doclink\" href=\"https:\/\/web.essbilbao.org\/index.php\/en\/component\/docman\/doc_download\/519-resolucion-de-adjudicacion-275-15\"><img decoding=\"async\" src=\"https:\/\/www.essbilbao.org\/wp-content\/uploads\/2018\/09\/pdf.png\" alt=\"icon\" border=\"0\" \/>\u00a0Resoluci\u00f3n de adjudicaci\u00f3n (2015-12-23 12:00)<\/a><\/li>\n<\/ul>\n<p><\/p><\/div><\/div><div class=\"cq-material-card\" data-bordercolor=\"\" data-colorstyle=\"#AAB2BD\" data-isripple=\"\" data-titlecolor=\"\" data-contentcolor=\"\" data-cardwidth=\"\" data-titlemargin=\"\"><div class=\"material-card-content\"><h3 class=\"material-card-title\">Expediente: 216\/15 | Estado: Formalizaci\u00f3n<\/h3><p class=\"material-card-summary\">Fabricaci\u00f3n primer segmento del RFQ<\/p>\n<ul class=\"documentos\">\n<li><a class=\"doclink\" href=\"https:\/\/web.essbilbao.org\/index.php\/en\/component\/docman\/doc_download\/503-anuncio-fo-lizacion-216-15\"><img decoding=\"async\" src=\"https:\/\/www.essbilbao.org\/wp-content\/uploads\/2018\/09\/pdf.png\" alt=\"icon\" border=\"0\" \/>\u00a0Anuncio formalizaci\u00f3n ( 2015-11-05 12:00)<\/a><\/li>\n<li><a class=\"doclink\" href=\"https:\/\/web.essbilbao.org\/index.php\/en\/component\/docman\/doc_download\/504-resolucionadjudicacion-216-15\"><img decoding=\"async\" src=\"https:\/\/www.essbilbao.org\/wp-content\/uploads\/2018\/09\/pdf.png\" alt=\"icon\" border=\"0\" \/>\u00a0Resoluci\u00f3n adjudicaci\u00f3n ( 2015-11-05 12:00)<\/a><\/li>\n<li><a class=\"doclink\" href=\"https:\/\/web.essbilbao.org\/index.php\/en\/component\/docman\/doc_download\/586-resolucion-modi-contactual-216-15\"><img decoding=\"async\" src=\"https:\/\/www.essbilbao.org\/wp-content\/uploads\/2018\/09\/pdf.png\" alt=\"icon\" border=\"0\" \/>\u00a0Resoluci\u00f3n modificaci\u00f3n (2016-05-11 12:00)<\/a><\/li>\n<\/ul>\n<p><\/p><\/div><\/div><div class=\"cq-material-card\" data-bordercolor=\"\" data-colorstyle=\"#AAB2BD\" data-isripple=\"\" data-titlecolor=\"\" data-contentcolor=\"\" data-cardwidth=\"\" data-titlemargin=\"\"><div class=\"material-card-content\"><h3 class=\"material-card-title\">Expediente: 190\/15 | Estado: Formalizaci\u00f3n<\/h3><p class=\"material-card-summary\">Renting de una furgoneta para el Consorcio ESS Bilbao<\/p>\n<ul class=\"documentos\">\n<li><a class=\"doclink\" href=\"https:\/\/web.essbilbao.org\/index.php\/en\/component\/docman\/doc_download\/448-anuncio-fomalizacion-190-15\"><img decoding=\"async\" src=\"https:\/\/www.essbilbao.org\/wp-content\/uploads\/2018\/09\/pdf.png\" alt=\"icon\" border=\"0\" \/>\u00a0Anuncio formalizaci\u00f3n (<span class=\"small\">\u00a02015-07-30 12:00<\/span>)<\/a><\/li>\n<li><a class=\"doclink\" href=\"https:\/\/web.essbilbao.org\/index.php\/en\/component\/docman\/doc_download\/447-resolucionadjudicacion-190-15\"><img decoding=\"async\" src=\"https:\/\/www.essbilbao.org\/wp-content\/uploads\/2018\/09\/pdf.png\" alt=\"icon\" border=\"0\" \/>\u00a0Resoluci\u00f3n adjudicaci\u00f3n (<span class=\"small\">\u00a02015-07-30 12:00<\/span>)<\/a><\/li>\n<\/ul>\n<p><\/p><\/div><\/div><div class=\"cq-material-card\" data-bordercolor=\"\" data-colorstyle=\"#AAB2BD\" data-isripple=\"\" data-titlecolor=\"\" data-contentcolor=\"\" data-cardwidth=\"\" data-titlemargin=\"\"><div class=\"material-card-content\"><h3 class=\"material-card-title\">Expediente: 118\/15 | Estado: Formalizaci\u00f3n<\/h3><p class=\"material-card-summary\">Licencias ANSYS HFSS<\/p>\n<ul class=\"documentos\">\n<li><a class=\"doclink\" href=\"https:\/\/web.essbilbao.org\/index.php\/en\/component\/docman\/doc_download\/411-anuncio-formalizacion-118-15\"><img decoding=\"async\" src=\"https:\/\/www.essbilbao.org\/wp-content\/uploads\/2018\/09\/pdf.png\" alt=\"icon\" border=\"0\" \/>\u00a0Anuncio formalizaci\u00f3n (<span class=\"small\">\u00a02015-05-26 12:00<\/span>)<\/a><\/li>\n<li><a class=\"doclink\" href=\"https:\/\/web.essbilbao.org\/index.php\/en\/component\/docman\/doc_download\/412-resolucion-adjudicacion-118-15\"><img decoding=\"async\" src=\"https:\/\/www.essbilbao.org\/wp-content\/uploads\/2018\/09\/pdf.png\" alt=\"icon\" border=\"0\" \/>\u00a0Resoluci\u00f3n Adjudicaci\u00f3n (<span class=\"small\">\u00a02015-05-26 12:00<\/span>)<\/a><\/li>\n<\/ul>\n<p><\/p><\/div><\/div><div class=\"cq-material-card\" data-bordercolor=\"\" data-colorstyle=\"#AAB2BD\" data-isripple=\"\" data-titlecolor=\"\" data-contentcolor=\"\" data-cardwidth=\"\" data-titlemargin=\"\"><div class=\"material-card-content\"><h3 class=\"material-card-title\">Expediente: 105\/15 | Estado: Formalizaci\u00f3n<\/h3><p class=\"material-card-summary\">Renting de Veh\u00edculo para el Consorcio ESS Bilbao<\/p>\n<ul class=\"documentos\">\n<li><a class=\"doclink\" href=\"https:\/\/web.essbilbao.org\/index.php\/en\/component\/docman\/doc_download\/357-resolucion-de-adjudicacion-105-15\"><img decoding=\"async\" src=\"https:\/\/www.essbilbao.org\/wp-content\/uploads\/2018\/09\/pdf.png\" alt=\"icon\" border=\"0\" \/>\u00a0Resoluci\u00f3n de adjudicaci\u00f3n (2015-05-11 12:00)<\/a><\/li>\n<li><a class=\"doclink\" href=\"https:\/\/web.essbilbao.org\/index.php\/en\/component\/docman\/doc_download\/358-anuncio-formalizacion-105-15\"><img decoding=\"async\" src=\"https:\/\/www.essbilbao.org\/wp-content\/uploads\/2018\/09\/pdf.png\" alt=\"icon\" border=\"0\" \/>\u00a0Formalizaci\u00f3n (2015-05-11 12:00)<\/a><\/li>\n<\/ul>\n<p><\/p><\/div><\/div>[\/vc_column][\/vc_row]<\/p>\n<\/div>","protected":false},"excerpt":{"rendered":"<p>[vc_row full_width=\u00bbstretch_row\u00bb content_placement=\u00bbmiddle\u00bb parallax=\u00bbcontent-moving\u00bb css_animation=\u00bbfadeIn\u00bb css=\u00bb.vc_custom_1528279765751{background-color: rgba(255,255,255,0.21) !important;*background-color: rgb(255,255,255) !important;}\u00bb][vc_column][\/vc_column][\/vc_row][vc_row full_width=\u00bbstretch_row\u00bb content_placement=\u00bbmiddle\u00bb parallax=\u00bbcontent-moving\u00bb css_animation=\u00bbfadeIn\u00bb css=\u00bb.vc_custom_1528279765751{background-color: rgba(255,255,255,0.21) !important;*background-color: rgb(255,255,255) !important;}\u00bb][vc_column][\/vc_column][\/vc_row][vc_row full_width=\u00bbstretch_row\u00bb content_placement=\u00bbmiddle\u00bb parallax=\u00bbcontent-moving\u00bb css_animation=\u00bbfadeIn\u00bb css=\u00bb.vc_custom_1528279765751{background-color: rgba(255,255,255,0.21) !important;*background-color:<span class=\"excerpt-hellip\"> [\u2026]<\/span><\/p>\n","protected":false},"author":1,"featured_media":0,"parent":4025,"menu_order":0,"comment_status":"closed","ping_status":"closed","template":"","meta":{"footnotes":""},"class_list":["post-4030","page","type-page","status-publish","hentry"],"_links":{"self":[{"href":"https:\/\/www.essbilbao.org\/es\/wp-json\/wp\/v2\/pages\/4030","targetHints":{"allow":["GET"]}}],"collection":[{"href":"https:\/\/www.essbilbao.org\/es\/wp-json\/wp\/v2\/pages"}],"about":[{"href":"https:\/\/www.essbilbao.org\/es\/wp-json\/wp\/v2\/types\/page"}],"author":[{"embeddable":true,"href":"https:\/\/www.essbilbao.org\/es\/wp-json\/wp\/v2\/users\/1"}],"replies":[{"embeddable":true,"href":"https:\/\/www.essbilbao.org\/es\/wp-json\/wp\/v2\/comments?post=4030"}],"version-history":[{"count":0,"href":"https:\/\/www.essbilbao.org\/es\/wp-json\/wp\/v2\/pages\/4030\/revisions"}],"up":[{"embeddable":true,"href":"https:\/\/www.essbilbao.org\/es\/wp-json\/wp\/v2\/pages\/4025"}],"wp:attachment":[{"href":"https:\/\/www.essbilbao.org\/es\/wp-json\/wp\/v2\/media?parent=4030"}],"curies":[{"name":"wp","href":"https:\/\/api.w.org\/{rel}","templated":true}]}}