{"id":17489,"date":"2025-12-10T10:58:07","date_gmt":"2025-12-10T09:58:07","guid":{"rendered":"https:\/\/www.essbilbao.org\/?page_id=17489"},"modified":"2025-12-10T17:03:50","modified_gmt":"2025-12-10T16:03:50","slug":"argitu-zero","status":"publish","type":"page","link":"https:\/\/www.essbilbao.org\/eu\/gaitasunak\/argitu-zero\/","title":{"rendered":"Argitu Zero"},"content":{"rendered":"<div class=\"wpb-content-wrapper\"><p>[vc_row css=&#8221;.vc_custom_1528305744977{margin-top: 10px !important;border-top-width: 30px !important;padding-top: 20px !important;}&#8221;][vc_column]<div class=\"fancy_heading fancy_heading_line\"><div class=\"fh-top\"><\/div><h1 class=\"title \">Argitu Zero\/HiCANS Platform<\/h1><\/div>\n[vc_row_inner][vc_column_inner width=&#8221;5\/12&#8243;]<div class=\"cq-ihover  cq-style-darkgray cq-ihover-bordernone\"  data-effect=\"effect8\" data-shape=\"circle\" data-bgcolor=\"\" data-titlesize=\"\" data-titlecolor=\"#ffffff\" data-descsize=\"\" data-desccolor=\"\" data-iconsize=\"\" data-iconcolor=\"\" data-containerwidth=\"300\" data-captionmargintop=\"\" data-videowidth=\"\" data-bgstyle=\"darkgray\"><div class=\"cq-ihover-container\"><div class='cq-ihover-item circle effect8 right_to_left scale_up'><a href='#' class='ihover-nothing'><div class='cq-ihover-imagecontainer'><div class='cq-ihover-imageitem'><img src='https:\/\/www.essbilbao.org\/wp-content\/uploads\/2025\/11\/a0.jpg' alt='' class='cq-ihover-image' \/><\/div><\/div><div class='info-container'><div class='cq-ihover-info'><div class='cq-ihover-text'><h3><span class='cq-ihover-title cq-title-solid'>Argitu Zero<\/span><\/h3><p class=\"cq-ihover-icontext\"><i class=\"cq-ihover-icon entypo-icon entypo-icon-export\"><\/i><\/p><\/div><\/div><\/div><\/a><\/div><\/div><\/div>[\/vc_column_inner][vc_column_inner width=&#8221;7\/12&#8243;][vc_column_text css=&#8221;&#8221;]ARGITU es una propuesta de fuente de neutrones de media potencia basada en el concepto de Fuentes de Neutrones Impulsadas por Aceleradores de Alta Corriente (HiCANS) en Espa\u00f1a\/Euskadi.<\/p>\n<p>La HiCANS Platform (ARGITU-Zero) es un demostrador\/validador del concepto de HiCANS que se va a desarrollar gracias a una colaboraci\u00f3n entre ESS Bilbao (acelerador lineal hasta 3 MeVs), Julich Center for Neutron Science (JCNS, estaci\u00f3n de blanco) y CEA-CNRS (instrumentos).<\/p>\n<p>La plataforma HiCANS integrar\u00e1 el acelerador lineal hasta 3 MeVs de ESSBilbao, con un inyector en operaci\u00f3n y la RFQ en comisionado; la plataforma BigKARL del JCNS, que ha estado en operaci\u00f3n en Alemania, e instrumentaci\u00f3n del LLB.<\/p>\n<p>Una vez entre en funcionamiento, se equipar\u00e1 un laboratorio de neutrones que dar\u00e1 servicio de irradiaci\u00f3n\u00a0e imagen a una amplia y multidisciplinar comunidad de usuarios, dando forma a su programa cient\u00edfico.[\/vc_column_text][\/vc_column_inner][\/vc_row_inner][vc_column_text css=&#8221;&#8221;]Cualquier grupo interesado en el futuro uso de la plataforma puede ponerse en contacto a trav\u00e9s del correo electr\u00f3nico <a title=\"mailto:usuarios@essbilbao.org\" href=\"mailto:usuarios@essbilbao.org\" data-linkindex=\"3\" data-ogsc=\"blue\">usuarios@essbilbao.org<\/a>.[\/vc_column_text][\/vc_column][\/vc_row]<\/p>\n<\/div>","protected":false},"excerpt":{"rendered":"<p>[vc_row css=&#8221;.vc_custom_1528305744977{margin-top: 10px !important;border-top-width: 30px !important;padding-top: 20px !important;}&#8221;][vc_column][vc_row_inner][vc_column_inner width=&#8221;5\/12&#8243;][\/vc_column_inner][vc_column_inner width=&#8221;7\/12&#8243;][vc_column_text css=&#8221;&#8221;]ARGITU es una propuesta de fuente de neutrones de media potencia basada en el concepto de<span class=\"excerpt-hellip\"> [\u2026]<\/span><\/p>\n","protected":false},"author":1,"featured_media":-1,"parent":3842,"menu_order":0,"comment_status":"closed","ping_status":"closed","template":"","meta":{"footnotes":""},"class_list":["post-17489","page","type-page","status-publish","has-post-thumbnail","hentry"],"_links":{"self":[{"href":"https:\/\/www.essbilbao.org\/eu\/wp-json\/wp\/v2\/pages\/17489","targetHints":{"allow":["GET"]}}],"collection":[{"href":"https:\/\/www.essbilbao.org\/eu\/wp-json\/wp\/v2\/pages"}],"about":[{"href":"https:\/\/www.essbilbao.org\/eu\/wp-json\/wp\/v2\/types\/page"}],"author":[{"embeddable":true,"href":"https:\/\/www.essbilbao.org\/eu\/wp-json\/wp\/v2\/users\/1"}],"replies":[{"embeddable":true,"href":"https:\/\/www.essbilbao.org\/eu\/wp-json\/wp\/v2\/comments?post=17489"}],"version-history":[{"count":3,"href":"https:\/\/www.essbilbao.org\/eu\/wp-json\/wp\/v2\/pages\/17489\/revisions"}],"predecessor-version":[{"id":17591,"href":"https:\/\/www.essbilbao.org\/eu\/wp-json\/wp\/v2\/pages\/17489\/revisions\/17591"}],"up":[{"embeddable":true,"href":"https:\/\/www.essbilbao.org\/eu\/wp-json\/wp\/v2\/pages\/3842"}],"wp:featuredmedia":[{"embeddable":true,"href":"https:\/\/www.essbilbao.org\/eu\/wp-json\/"}],"wp:attachment":[{"href":"https:\/\/www.essbilbao.org\/eu\/wp-json\/wp\/v2\/media?parent=17489"}],"curies":[{"name":"wp","href":"https:\/\/api.w.org\/{rel}","templated":true}]}}